{"id":664,"date":"2017-03-26T21:32:51","date_gmt":"2017-03-26T21:32:51","guid":{"rendered":"http:\/\/stack-variant.tommusdemos.wpengine.com\/?page_id=664"},"modified":"2018-03-01T17:57:33","modified_gmt":"2018-03-01T17:57:33","slug":"homepages","status":"publish","type":"page","link":"https:\/\/trippwine.com\/es\/","title":{"rendered":"HOME MAIN"},"content":{"rendered":"\n    <a id=\"foto-texto-pc\" class=\"in-page-link\"><\/a>\n    <section class=\"cover imagebg height-100 hidden-xs hidden-sm\" data-overlay=\"2\">\n        <div class=\"background-image-holder\"><img alt=\"\" src=\"https:\/\/trippwine.com\/es\/wp-content\/uploads\/2018\/02\/IMG_9954-Edited.jpg\"><\/div>\n        <div class=\"container pos-vertical-center\">\n            <div class=\"row\">\n                <div class=\"col-sm-9 col-md-8\">\n                    <h1><img class=\"alignnone  wp-image-4382\" src=\"https:\/\/trippwine.com\/es\/wp-content\/uploads\/2018\/02\/TRIPP-WINE-GRIS-300x192.png\" alt=\"\" width=\"186\" height=\"119\"><\/h1>\n                    <h1>Experiencias enol\u00f3gicas de lujo y educativas<\/h1>\n                    <h3 class=\"lead\">Dise\u00f1amos experiencias de viaje personalizadas en Ensenada, el destino enol\u00f3gico y gastron\u00f3mico m\u00e1s importante de M\u00e9xico. Con un estilo \u00fanico, este es el lugar perfecto para quienes buscan magia, un destino aut\u00e9ntico y una experiencia exclusiva, rodeados de excelente vino, comida y el inigualable encanto mexicano.<\/h3>\n                <\/div>\n            <\/div>\n            <!--end of row-->\n        <\/div>\n        <!--end of container-->\n        <div class=\"pos-absolute pos-bottom col-xs-12\">\n            <div class=\"container\">\n                <div class=\"row\">\n                    <div class=\"col-xs-12 text-left\"> <\/div>\n                <\/div>\n            <\/div>\n        <\/div>\n    <\/section>\n    <a id=\"foto-texto-m\" class=\"in-page-link\"><\/a>\n    <section class=\"cover imagebg height-100 text-center hidden-md hidden-lg\" data-overlay=\"3\">\n        <div class=\"background-image-holder\"><img alt=\"\" src=\"https:\/\/trippwine.com\/es\/wp-content\/uploads\/2018\/02\/IMG_9954-Edited.jpg\"><\/div>\n        <div class=\"container pos-vertical-center\">\n            <div class=\"row\">\n                <div class=\"col-sm-9 col-md-8\">\n                    <h1><br>Experiencias enol\u00f3gicas de lujo y educativas<\/h1>\n                <\/div>\n            <\/div>\n            <!--end of row-->\n        <\/div>\n        <!--end of container-->\n        <div class=\"pos-absolute pos-bottom col-xs-12\">\n            <div class=\"container\">\n                <div class=\"row\">\n                    <div class=\"col-xs-12 text-left\">\n                        <div class=\"text-block\"> <\/div>\n                    <\/div>\n                <\/div>\n            <\/div>\n        <\/div>\n    <\/section>\n    <a id=\"texto-m\" class=\"in-page-link\"><\/a>\n    <section class=\"hidden-md hidden-lg space--xs\">\n        <div class=\"container\">\n            <div class=\"row\">\n                <div class=\"col-sm-12\">\n                    <p class=\"lead\" style=\"text-align: center;\"><span style=\"color: #000000;\">Dise\u00f1amos experiencias de viaje personalizadas en Ensenada, el destino enol\u00f3gico y gastron\u00f3mico m\u00e1s importante de M\u00e9xico. Con un estilo \u00fanico, este es el lugar perfecto para quienes buscan magia, un destino aut\u00e9ntico y una experiencia exclusiva, rodeados de excelente vino, comida y el inigualable encanto mexicano.<\/span><\/p>\n                <\/div>\n            <\/div>\n            <!--end of row-->\n        <\/div>\n        <!--end of container-->\n    <\/section>\n    <a id=\"por-qu-tw\" class=\"in-page-link\"><\/a>\n    <section class=\"text-center  space--xs\">\n        <div class=\"container\">\n            <div class=\"row\">\n                <div class=\"col-sm-8 col-md-6\">\n                    <div class=\"cta\">\n                        \n                            <h2><strong>\u00bfPor qu\u00e9 Tripp Wine?<\/strong><\/h2>\n                        \n                    <\/div>\n                <\/div>\n            <\/div>\n            <!--end of row-->\n        <\/div>\n        <!--end of container-->\n    <\/section>\n    <a id=\"locales-alternativas-asistencia\" class=\"in-page-link\"><\/a>\n    <section class=\"text-center space--xs\">\n        <div class=\"container\">\n            <div class=\"row\">\n                <div class=\"col-sm-4\">\n                    <div class=\"feature\">\n                        <h4 style=\"text-align: center;\"><strong>Somos locales<\/strong><\/h4>\n                        <p style=\"text-align: center;\"><span style=\"color: #000000;\">Mientras muchas agencias ofrecen m\u00faltiples destinos y tours, nosotros nos enfocamos en crear experiencias de lujo alrededor del vino en Valle de Guadalupe, M\u00e9xico. Nuestro conocimiento \u00edntimo de la regi\u00f3n nos permite ofrecer una experiencia inigualable. Nosotros nos encargaremos de todos los detalles, desde el momento de la llegada hasta el \u00faltimo brindis. Ofrecemos una perspectiva local \u00fanica, que s\u00f3lo un especialista le puede ofrecer.<\/span><\/p>\n                        <div style=\"text-align: center;\">&nbsp;<\/div>\n                    <\/div>\n                <\/div>\n                <div class=\"col-sm-4\">\n                    <div class=\"feature\">\n                        <div align=\"center\">\n                            <h4 style=\"text-align: center;\"><strong>Alternativas \u00danicas<\/strong><\/h4>\n                            <p style=\"text-align: center;\"><span style=\"color: #000000;\">Ofrecemos una variedad de experiencias para satisfacer hasta los intereses m\u00e1s sofisticados; contamos con acceso a lugares y actividades a los que muy pocos tienen acceso. Adem\u00e1s del vino, Ensenada es conocida por su cerveza artesanal, por su concepto gastron\u00f3mico BajaMed y por sus fant\u00e1sticos paisajes y opciones para viajes de aventura. Podemos llevarlo \u201ctras bambalinas\u201d como ning\u00fan otro operador puede hacerlo.<\/span><\/p>\n                        <\/div>\n                    <\/div>\n                <\/div>\n                <div class=\"col-sm-4\">\n                    <div class=\"feature\">\n                        <div align=\"center\">\n                            <h4 style=\"text-align: center;\"><strong>Asistencia Personalizada<\/strong><\/h4>\n                            <p style=\"text-align: center;\"><span style=\"color: #000000;\">Nuestro equipo le ayudar\u00e1 a seleccionar un itinerario con un grupo peque\u00f1o que se ajuste a sus intereses. Tambi\u00e9n podemos dise\u00f1ar un itinerario a la medida para usted, sus invitados y familiares.<\/span><br><br><span style=\"color: #000000;\">Nuestros expertos se encargar\u00e1n de todos los aspectos de su experiencia durante las 24 horas para asegurarse que sea consistente y sin interrupciones.<\/span><\/p>\n                        <\/div>\n                    <\/div>\n                <\/div>\n            <\/div>\n            <!--end of row-->\n        <\/div>\n        <!--end of container-->\n    <\/section>\n    <section class=\"feature-large switchable  space--xs\">\n        <div class=\"container\">\n            <div class=\"row\">\n                <div class=\"col-md-6 col-sm-6\"> <img alt=\"\" class=\"border--round box-shadow-wide\" src=\"https:\/\/trippwine.com\/es\/wp-content\/uploads\/2018\/01\/copas-tripp-wine.jpg\"> <\/div>\n                <div class=\"col-md-5 col-sm-6\">\n                    <div class=\"heading-block\">\n                        <h4 style=\"text-align: center;\"><strong>Tours privados y grupales<\/strong><\/h4>\n                    <\/div>\n                    <div class=\"text-block\">\n                        <p style=\"text-align: center;\"><span style=\"color: #000000;\">Dise\u00f1amos experiencias eno-gastron\u00f3micas para peque\u00f1os grupos, viajes corporativos y de incentivo a gran escala. Nuestros clientes incluyen a entusiastas del vino, conocedores experimentados, aventureros, restauranteros y grupos corporativos.<\/span><\/p>\n                        <p style=\"text-align: center;\"><span style=\"color: #000000;\">Nuestros itinerarios dise\u00f1ados a la medida son privados; s\u00f3lo usted, sus invitados, y el personal de Tripp Wine compartir\u00e1n la experiencia.<\/span><\/p>\n                    <\/div>\n                <\/div>\n            <\/div>\n            <!--end of row-->\n        <\/div>\n        <!--end of container-->\n    <\/section>\n    <section class=\"space--xxs\">\n        <div class=\"container\">\n            <div class=\"row\">\n                <div class=\"col-sm-12\">\n                    <h1 style=\"text-align: center;\"><span style=\"color: #000000;\"><strong>Itinerarios muestra<\/strong><\/span><\/h1>\n                <\/div>\n            <\/div>\n            <!--end of row-->\n        <\/div>\n        <!--end of container-->\n    <\/section>\n    <section class=\"text-center imagebg space--xs\" data-overlay=\"4\">\n        <div class=\"background-image-holder\"> <img alt=\"background\" src=\"https:\/\/trippwine.com\/es\/wp-content\/uploads\/2017\/04\/hero-1.jpg\"> <\/div>\n        <div class=\"container\">\n            <div class=\"row\">\n                <div class=\"col-sm-4\">\n                    <div class=\"feature feature-1\"> <img alt=\"\" src=\"https:\/\/trippwine.com\/es\/wp-content\/uploads\/2018\/01\/baja-lifestyle-1.jpg\">\n                        <div class=\"feature__body boxed boxed--lg boxed--border\">\n                            <h3><span style=\"color: #ffffff;\"><a style=\"color: #ffffff; text-decoration:none;\" href=\"https:\/\/trippwine.com\/es\/baja-lifestyle-4\/\">Baja Lifestyle<\/a><\/span><\/h3>\n                        <\/div>\n                    <\/div>\n                    <!--end feature-->\n                <\/div>\n                <div class=\"col-sm-4\">\n                    <div class=\"feature feature-1\"> <img alt=\"\" src=\"https:\/\/trippwine.com\/es\/wp-content\/uploads\/2018\/01\/baja-insider.jpg\">\n                        <div class=\"feature__body boxed boxed--lg boxed--border\">\n                            <h3><a href=\"https:\/\/trippwine.com\/es\/baja-insider-2\/\" style=\"text-decoration:none;\">Baja Insider<\/a><\/h3>\n                        <\/div>\n                    <\/div>\n                    <!--end feature-->\n                <\/div>\n                <div class=\"col-sm-4\">\n                    <div class=\"feature feature-1\"> <img alt=\"\" src=\"https:\/\/trippwine.com\/es\/wp-content\/uploads\/2018\/01\/baja-gourmet.jpg\">\n                        <div class=\"feature__body boxed boxed--lg boxed--border\">\n                            <h3><a href=\"https:\/\/trippwine.com\/es\/baja-gourmet-3\/\" style=\"text-decoration:none;\">Baja Gourmet<\/a><\/h3>\n                        <\/div>\n                    <\/div>\n                    <!--end feature-->\n                <\/div>\n            <\/div>\n            <!--end of row-->\n        <\/div>\n        <!--end of container-->\n    <\/section>\n    <section class=\"text-center  space--xs\">\n        <div class=\"container\">\n            <div class=\"row\">\n                <div class=\"col-sm-10 col-md-8\">\n                    <h2><strong><span style=\"color: #000000;\">Informaci\u00f3n para planear mejor su viaje<\/span><\/strong><\/h2>\n                <\/div>\n            <\/div>\n            <!--end of row-->\n        <\/div>\n        <!--end of container-->\n    <\/section>\n    <section>\n        <div class=\"container\">\n            <div class=\"row\">\n                <div class=\"slider\" data-arrows=\"true\" data-paging=\"true\">\n                    <ul class=\"slides\">\n                        <li> <img alt=\"\" src=\"https:\/\/trippwine.com\/es\/wp-content\/uploads\/2018\/02\/Screen-Shot-2018-02-05-at-12.55.35-AM.png\"> <\/li>\n                    <\/ul>\n                <\/div>\n            <\/div>\n            <!--end row-->\n        <\/div>\n        <!--end of container-->\n    <\/section>\n    \n","protected":false},"excerpt":{"rendered":"<p>Experiencias enol\u00f3gicas de lujo y educativas Dise\u00f1amos experiencias de viaje personalizadas en Ensenada, el destino enol\u00f3gico y gastron\u00f3mico m\u00e1s importante de M\u00e9xico&#8230;.<\/p>\n","protected":false},"author":1,"featured_media":0,"parent":0,"menu_order":0,"comment_status":"closed","ping_status":"closed","template":"","meta":{"footnotes":""},"class_list":["post-664","page","type-page","status-publish","hentry"],"_links":{"self":[{"href":"https:\/\/trippwine.com\/es\/wp-json\/wp\/v2\/pages\/664","targetHints":{"allow":["GET"]}}],"collection":[{"href":"https:\/\/trippwine.com\/es\/wp-json\/wp\/v2\/pages"}],"about":[{"href":"https:\/\/trippwine.com\/es\/wp-json\/wp\/v2\/types\/page"}],"author":[{"embeddable":true,"href":"https:\/\/trippwine.com\/es\/wp-json\/wp\/v2\/users\/1"}],"replies":[{"embeddable":true,"href":"https:\/\/trippwine.com\/es\/wp-json\/wp\/v2\/comments?post=664"}],"version-history":[{"count":47,"href":"https:\/\/trippwine.com\/es\/wp-json\/wp\/v2\/pages\/664\/revisions"}],"predecessor-version":[{"id":4417,"href":"https:\/\/trippwine.com\/es\/wp-json\/wp\/v2\/pages\/664\/revisions\/4417"}],"wp:attachment":[{"href":"https:\/\/trippwine.com\/es\/wp-json\/wp\/v2\/media?parent=664"}],"curies":[{"name":"wp","href":"https:\/\/api.w.org\/{rel}","templated":true}]}}