{"id":4920,"date":"2025-09-28T18:05:40","date_gmt":"2025-09-28T18:05:40","guid":{"rendered":"https:\/\/trippwine.com\/es\/?page_id=4920"},"modified":"2025-09-28T18:05:44","modified_gmt":"2025-09-28T18:05:44","slug":"andespacif-2-2","status":"publish","type":"page","link":"https:\/\/trippwine.com\/es\/andespacif-2-2\/","title":{"rendered":"Mendoza Tierra del Sol y el buen vino"},"content":{"rendered":"\n    <section class=\"cover imagebg text-center height-50 section--ken-burns\" data-overlay=\"2\">\n        <div class=\"background-image-holder\"><img alt=\"\" src=\"https:\/\/trippwine.com\/es\/wp-content\/uploads\/2022\/10\/espacio1.jpeg\"><\/div>\n        <div class=\"container pos-vertical-center\">\n            <div class=\"row\">\n                <div class=\"col-sm-10 col-md-8\">\n                    \n                        <h1><strong>Mendoza<br><\/strong><b>Tierra del Sol y el Buen Vino<\/b><\/h1>\n                        <h2>9 al 18 de marzo de 2026<\/h2>\n                    \n                <\/div>\n            <\/div>\n            <!--end of row-->\n        <\/div>\n        <!--end of container-->\n    <\/section>\n    <section class=\"text-center\">\n        <div class=\"container\">\n            <div class=\"row\">\n                <div class=\"col-sm-8 col-md-6\">\n                    <div class=\"cta\">\n                        \n                            <div>\n                                <div>\n                                    <h3><span>Ubicada al pie de la imponente Cordillera de los Andes, Mendoza es el coraz\u00f3n de la vitivinicultura argentina y uno de los destinos enotur\u00edsticos m\u00e1s reconocidos del mundo. Su clima seco y soleado con m\u00e1s de 300 d\u00edas de sol al a\u00f1o y sus suelos diversos crean el escenario ideal para producir vinos de calidad excepcional, encabezados por el emblem\u00e1tico Malbec.<\/span><\/h3>\n                                    <h3><span>Pero Mendoza es mucho m\u00e1s que vino: es naturaleza, cultura y hospitalidad. Sus paisajes combinan vi\u00f1edos infinitos con imponentes monta\u00f1as, mientras que sus tres principales regiones \u2014Luj\u00e1n de Cuyo, Maip\u00fa y Valle de Uco\u2014 ofrecen experiencias \u00fanicas, desde bodegas centenarias con historia y tradici\u00f3n, hasta proyectos vanguardistas que marcan tendencia en la escena vitivin\u00edcola mundial.<\/span><\/h3>\n                                <\/div>\n                            <\/div>\n                            <h3>&nbsp;<\/h3>\n                        \n                    <\/div>\n                <\/div>\n            <\/div>\n            <!--end of row-->\n        <\/div>\n        <!--end of container-->\n    <\/section>\n    <section class=\"imagebg\" data-overlay=\"5\">\n        <div class=\"background-image-holder\"> <img alt=\"background\" src=\"https:\/\/trippwine.com\/es\/wp-content\/uploads\/2017\/04\/hero-1.jpg\"> <\/div>\n        <div class=\"container\">\n            <div class=\"row\">\n                <div class=\"col-sm-6\">\n                    <div>\n                        <div>\n                            <div>\n                                <div>\n                                    <p>&nbsp;<\/p>\n                                    <p>&nbsp;<\/p>\n                                    <p><span>El viaje se desarrolla \u00edntegramente en Mendoza, coraz\u00f3n del vino argentino, donde recorrer\u00e1s 15 bodegas de prestigio internacional.<\/span><\/p>\n                                    <p><span>Visitaremos bodegas hist\u00f3ricas que forjaron la reputaci\u00f3n del Malbec en el mundo, combinando tradici\u00f3n, innovaci\u00f3n y elegancia.<\/span><\/p>\n                                    <p><span>Posteriormente, la experiencia contin\u00faa en el Valle de Uco, \u00faltima regi\u00f3n vitivin\u00edcola de la provincia que ha ganado gran prestigio en los \u00faltimos a\u00f1os. En este entorno privilegiado conocer\u00e1s proyectos arquitect\u00f3nicos y enol\u00f3gicos \u00fanicos, degustando vinos de altura que expresan la esencia de su terroir.<\/span><span>Este recorrido propone un viaje profundo al alma vitivin\u00edcola de Mendoza, combinando catas guiadas, gastronom\u00eda regional y la majestuosidad de un paisaje que ha hecho de esta tierra uno de los destinos m\u00e1s reconocidos del enoturismo mundial.<\/span><\/p>\n                                <\/div>\n                            <\/div>\n                        <\/div>\n                    <\/div>\n                    <p>&nbsp;<\/p>\n                    <h2>Alojamiento<\/h2>\n                    <div>\n                        <div>\n                            <div>\n                                <p><span>La experiencia inicia en un hotel 5 estrellas en el coraz\u00f3n de Mendoza rodeado de restaurantes, galer\u00edas y vida cultural, ideal para disfrutar de la ciudad a pie. Aqu\u00ed descansar\u00e1s en un ambiente elegante y sofisticado.<\/span><\/p>\n                            <\/div>\n                        <\/div>\n                    <\/div>\n                    <p>&nbsp;<\/p>\n                    <div>\n                        <div>\n                            <h2>Gastronom\u00eda<\/h2>\n                            <div>\n                                <div>\n                                    <div>\n                                        <p><span>La experiencia culinaria ser\u00e1 parte esencial del viaje. Almorzar\u00e1s en restaurantes de bodegas y fondas locales con men\u00fas que van desde la cocina de autor hasta los sabores caseros m\u00e1s aut\u00e9nticos, siempre con maridajes que exaltan la identidad de cada vino y regi\u00f3n.<\/span><\/p>\n                                    <\/div>\n                                <\/div>\n                            <\/div>\n                            <div>\n                                <p><span>El viaje contin\u00faa hacia el Valle de Uco, donde te hospedar\u00e1s en una posada boutique rodeada de vi\u00f1edos y monta\u00f1as. Un lugar \u00edntimo y encantador, perfecto para desconectarse y vivir el esp\u00edritu del vino en su m\u00e1xima expresi\u00f3n.<\/span><\/p>\n                            <\/div>\n                        <\/div>\n                    <\/div>\n                <\/div>\n                <div class=\"col-sm-6\">\n                    <div class=\"boxed boxed--lg boxed--border bg--secondary\">\n                        <h4>&nbsp;<\/h4>\n                        <h4>&nbsp;<\/h4>\n                        <p><img class=\"alignnone wp-image-4922 size-full\" src=\"https:\/\/trippwine.com\/es\/wp-content\/uploads\/2025\/09\/carne-para-pagina-web-1-scaled.jpg\" alt=\"\" width=\"2359\" height=\"2560\"><\/p>\n                        <p><img class=\"alignnone wp-image-4923 size-full\" src=\"https:\/\/trippwine.com\/es\/wp-content\/uploads\/2025\/09\/fudres-web-scaled.jpg\" alt=\"\" width=\"2560\" height=\"1707\"><\/p>\n                    <\/div>\n                <\/div>\n            <\/div>\n            <!--end of row-->\n        <\/div>\n        <!--end of container-->\n    <\/section>\n    <section class=\"imageblock switchable feature-large\">\n        <div class=\"imageblock__content col-md-6 col-sm-4 pos-right\">\n            <div class=\"background-image-holder\"> <img alt=\"\" src=\"https:\/\/trippwine.com\/es\/wp-content\/uploads\/2024\/07\/BODEGA-MONTEVIEJO.jpg\"> <\/div>\n        <\/div>\n        <div class=\"container\">\n            <div class=\"row\">\n                <div class=\"col-md-5 col-sm-7\">\n                    <h1>Incluye<\/h1>\n                    <ul>\n                        <li>\n                            <div>\n                                <div>\n                                    <ul>\n                                        <li><span>Pick-up y d<\/span><span>rop-off en aeropuerto de Mendoza (MDZ)<\/span><\/li>\n                                        <li><span>Transporte terrestre privado durante todo el viaje<\/span><\/li>\n                                        <li><span>6 noches de alojamiento en un hotel 5 estrellas en la Ciudad de Mendoza<\/span><\/li>\n                                        <li><span>3 noches de alojamiento en Hotel Boutique en Valle de Uco<\/span><\/li>\n                                        <li><span>Visita y degustaci\u00f3n en 15 vin\u00edcolas<\/span><\/li>\n                                        <li><span>5 comidas<\/span><\/li>\n                                        <li><span>Cena de bienvenida con introducci\u00f3n a carnes argentinas<\/span><\/li>\n                                        <li><span>Cena de despedida<\/span><\/li>\n                                        <li><span>Snacks y bebidas no alcoh\u00f3licas durante transporte terrestre<\/span><\/li>\n                                        <li><span>Acompa\u00f1amiento de expertos de Tripp Wine durante todo el viaje<\/span><\/li>\n                                        <li><span> Impuestos <\/span><\/li>\n                                    <\/ul>\n                                    <h1>&nbsp;<\/h1>\n                                    <h1>Precio<\/h1>\n                                    <p class=\"cvGsUA direction-ltr align-center para-style-body\"><strong><span class=\"a_GcMg font-feature-liga-off font-feature-clig-off font-feature-calt-off text-decoration-none text-strikethrough-none\">$4,850 USD<\/span><\/strong><span class=\"a_GcMg font-feature-liga-off font-feature-clig-off font-feature-calt-off text-decoration-none text-strikethrough-none\"> (en base doble) <\/span><\/p>\n                                    <p class=\"cvGsUA direction-ltr align-center para-style-body\"><span class=\"a_GcMg font-feature-liga-off font-feature-clig-off font-feature-calt-off text-decoration-none text-strikethrough-none\">Fecha l\u00edmite para pago: 6 de febrero<\/span><\/p>\n                                    <p class=\"cvGsUA direction-ltr align-center para-style-body\"><span class=\"a_GcMg font-feature-liga-off font-feature-clig-off font-feature-calt-off text-decoration-none text-strikethrough-none\">DESCUENTO de <\/span><strong><span class=\"a_GcMg font-feature-liga-off font-feature-clig-off font-feature-calt-off text-decoration-none text-strikethrough-none\">$350 USD<\/span><\/strong><span class=\"a_GcMg font-feature-liga-off font-feature-clig-off font-feature-calt-off text-decoration-none text-strikethrough-none\"> si reservas antes del 9 de enero de 2026<\/span><span class=\"a_GcMg font-feature-liga-off font-feature-clig-off font-feature-calt-off text-decoration-none text-strikethrough-none\">por un total de <\/span><span class=\"a_GcMg font-feature-liga-off font-feature-clig-off font-feature-calt-off text-decoration-none text-strikethrough-none\">$4,500 USD<\/span><span class=\"a_GcMg font-feature-liga-off font-feature-clig-off font-feature-calt-off text-decoration-none text-strikethrough-none\"> (en base doble)<\/span><\/p>\n                                    <p class=\"cvGsUA direction-ltr align-center para-style-body\"><span class=\"a_GcMg font-feature-liga-off font-feature-clig-off font-feature-calt-off text-decoration-none text-strikethrough-none\">Recargo por habitaci\u00f3n sencilla: <\/span><strong><span class=\"a_GcMg font-feature-liga-off font-feature-clig-off font-feature-calt-off text-decoration-none text-strikethrough-none\">$705 USD<\/span><\/strong><\/p>\n                                <\/div>\n                            <\/div>\n                            <p>&nbsp;<\/p>\n                            <p class=\"cvGsUA direction-ltr align-center para-style-body\"><span class=\"a_GcMg font-feature-liga-off font-feature-clig-off font-feature-calt-off text-decoration-none text-strikethrough-none\">*Para reservar su lugar es necesario hacer un pago anticipado del 25% (no reembolsable) y pagar el 75% restante a m\u00e1s tardar el 6 de febrero de 2026<\/span><span class=\"a_GcMg font-feature-liga-off font-feature-clig-off font-feature-calt-off text-decoration-none text-strikethrough-none white-space-prewrap\"> <\/span><\/p>\n                            <p class=\"cvGsUA direction-ltr align-center para-style-body\"><span class=\"a_GcMg font-feature-liga-off font-feature-clig-off font-feature-calt-off text-decoration-none text-strikethrough-none\">*Debido a fluctuaciones en los precios en la econom\u00eda argentina los valores indicados est\u00e1n sujetos a posibles modificaciones<\/span><\/p>\n                        <\/li>\n                    <\/ul>\n                <\/div>\n            <\/div>\n            <!--end of row-->\n        <\/div>\n        <!--end of container-->\n    <\/section>\n    <section class=\"imageblock switchable feature-large switchable--switch\">\n        <div class=\"imageblock__content col-md-6 col-sm-4 pos-right\">\n            <div class=\"background-image-holder\"> <img alt=\"\" src=\"https:\/\/trippwine.com\/es\/wp-content\/uploads\/2024\/07\/6f05cb0b-af8c-4bab-a959-d4c3373466a7.jpg\"> <\/div>\n        <\/div>\n        <div class=\"container\">\n            <div class=\"row\">\n                <div class=\"col-md-5 col-sm-7\">\n                    <h4><br><strong>Servicios no incluidos<\/strong><\/h4>\n                    <ul>\n                        <li><span class=\"a_GcMg font-feature-liga-off font-feature-clig-off font-feature-calt-off font-size-modifier text-decoration-none text-strikethrough-none\">Vuelos internacionales o nacionales no especificados en los servicios incluidos.<\/span><\/li>\n                        <li><span class=\"a_GcMg font-feature-liga-off font-feature-clig-off font-feature-calt-off font-size-modifier text-decoration-none text-strikethrough-none\">Comida no especificada en los servicios incluidos.<\/span><\/li>\n                        <li><span class=\"a_GcMg font-feature-liga-off font-feature-clig-off font-feature-calt-off font-size-modifier text-decoration-none text-strikethrough-none\">Propinas.<\/span><\/li>\n                        <li><span class=\"a_GcMg font-feature-liga-off font-feature-clig-off font-feature-calt-off font-size-modifier text-decoration-none text-strikethrough-none\">Seguro m\u00e9dico internacional.<\/span><\/li>\n                        <li><span class=\"a_GcMg font-feature-liga-off font-feature-clig-off font-feature-calt-off font-size-modifier text-decoration-none text-strikethrough-none\">Otros servicios no especificados en los servicios incluidos.<\/span><span class=\"a_GcMg font-feature-liga-off font-feature-clig-off font-feature-calt-off font-size-modifier text-decoration-none text-strikethrough-none white-space-prewrap\"> <\/span><\/li>\n                    <\/ul>\n                    <h4><br><br><\/h4>\n                <\/div>\n            <\/div>\n            <!--end of row-->\n        <\/div>\n        <!--end of container-->\n    <\/section>\n    <section class=\"imageblock switchable feature-large\">\n        <div class=\"imageblock__content col-md-4 col-sm-3 pos-right\">\n            <div class=\"background-image-holder\"> <img alt=\"\" src=\"https:\/\/trippwine.com\/es\/wp-content\/uploads\/2022\/10\/vin1.jpeg\"> <\/div>\n        <\/div>\n        <div class=\"container\">\n            <div class=\"row\">\n                <div class=\"col-md-7 col-sm-8\">\n                    \n                        <h2><strong>T\u00e9rminos y condiciones<\/strong><\/h2>\n                        <p class=\"cvGsUA direction-ltr align-justify para-style-body\"><strong><span class=\"a_GcMg font-feature-liga-off font-feature-clig-off font-feature-calt-off font-size-modifier text-decoration-none text-strikethrough-none\">Es necesario tener un seguro m\u00e9dico<\/span><span class=\"a_GcMg font-feature-liga-off font-feature-clig-off font-feature-calt-off text-decoration-none text-strikethrough-none\"> internacional<\/span><span class=\"a_GcMg font-feature-liga-off font-feature-clig-off font-feature-calt-off text-decoration-none text-strikethrough-none font-size-modifier\"> o de viaje para participar en el programa. Si no tiene dicho seguro, con gusto se lo cotizaremos y a\u00f1adiremos en el precio final.<\/span><\/strong><\/p>\n                        <p class=\"cvGsUA direction-ltr align-justify para-style-body\"><strong><span class=\"a_GcMg font-feature-liga-off font-feature-clig-off font-feature-calt-off font-size-modifier text-decoration-none text-strikethrough-none\">Los hoteles de alojamiento y las bodegas a visitar se confirmar\u00e1n con el<\/span><span class=\"a_GcMg font-feature-liga-off font-feature-clig-off font-feature-calt-off text-decoration-none text-strikethrough-none\"> pago final<\/span><span class=\"a_GcMg font-feature-liga-off font-feature-clig-off font-feature-calt-off text-decoration-none text-strikethrough-none font-size-modifier\"> y pueden ser modificados seg\u00fan la disponibilidad por otros de una categor\u00eda similar.<\/span><\/strong><\/p>\n                        <p class=\"cvGsUA direction-ltr align-justify para-style-body\"><strong><span class=\"a_GcMg font-feature-liga-off font-feature-clig-off font-feature-calt-off text-decoration-none text-strikethrough-none\">El pago puede ser en efectivo (MXN o USD), transferencia bancaria o tarjeta de cr\u00e9dito (aceptamos todas las tarjetas de cr\u00e9dito<\/span><span class=\"a_GcMg font-feature-liga-off font-feature-clig-off font-feature-calt-off text-decoration-none text-strikethrough-none font-size-modifier\">;<\/span><span class=\"a_GcMg font-feature-liga-off font-feature-clig-off font-feature-calt-off text-decoration-none text-strikethrough-none\"> cargo por comisi\u00f3n de tarjeta de cr\u00e9dito\/d\u00e9bito no incluido).<\/span><\/strong><\/p>\n                        <p class=\"cvGsUA direction-ltr align-justify para-style-body\"><strong><span class=\"a_GcMg font-feature-liga-off font-feature-clig-off font-feature-calt-off text-decoration-none text-strikethrough-none\">Se considera el tipo de cambio a la venta del Banco BBVA del d\u00eda que se realiza el pago<\/span><\/strong><\/p>\n                        <p class=\"cvGsUA direction-ltr align-justify para-style-body\"><strong><span class=\"a_GcMg font-feature-liga-off font-feature-clig-off font-feature-calt-off font-size-modifier text-decoration-none text-strikethrough-none\">Para reservar su lugar, es necesario realizar un pago anticipado del 25% (no reembolsable) y pagar el 75% restante a m\u00e1s tardar el 6<\/span><span class=\"a_GcMg font-feature-liga-off font-feature-clig-off font-feature-calt-off text-decoration-none text-strikethrough-none\"> de febrero de 2026<\/span><\/strong><\/p>\n                        <p class=\"lead\"><strong>\u00a1INSCRIBETE!<\/strong><\/p>\n                        <p class=\"lead\">Para inscribirte, o si tienes alguna pregunta relacionada con el viaje escr\u00edbenos a:<\/p>\n                        <h3 style=\"text-align: center;\"><a href=\"mailto:contact@trippwine.com\"><strong>contact@trippwine.com<\/strong><\/a><\/h3>\n                        <p>&nbsp;<\/p>\n                    \n                    <div class=\"feature-large__group\">\n                        <div class=\"row\">\n                            <div class=\"col-sm-6\">\n                                <div class=\"feature feature-6\"> <i class=\"icon color--primary icon-Add icon--sm\"><\/i>\n                                     \n                                <\/div>\n                                <!--end feature-->\n                            <\/div>\n                        <\/div>\n                        <!--end of row-->\n                    <\/div>\n                <\/div>\n            <\/div>\n            <!--end of row-->\n        <\/div>\n        <!--end of container-->\n    <\/section>\n    <section class=\"feature-large switchable switchable--switch\">\n        <div class=\"container\">\n            <div class=\"row\">\n                <div class=\"col-md-6 col-sm-6\"> <img alt=\"\" class=\"border--round box-shadow-wide\" src=\"https:\/\/trippwine.com\/es\/wp-content\/uploads\/2022\/10\/ubicacion1.jpeg\"> <\/div>\n                <div class=\"col-md-5 col-sm-6\">\n                    <div class=\"heading-block\">\n                        <h2>Pol\u00edticas de cancelaci\u00f3n<\/h2>\n                    <\/div>\n                    <div class=\"text-block\">\n                        <h4>\u2022 45 \u2013 30 D\u00edas antes del viaje: 20% (anticipo)<\/h4>\n                        <h4>\u2022 29 \u2013 15 D\u00edas antes del viaje: 50% del precio del viaje<\/h4>\n                        <h4>\u2022 15 \u2013 8 D\u00edas antes del viaje: 75% del precio del viaje<\/h4>\n                        <h4>\u2022 7 \u2013 3 D\u00edas antes del viaje: 85% del precio del viaje<\/h4>\n                        <h4>\u2022 2 D\u00edas o menos antes del viaje se considera no show y se cobra el 100% del precio del viaje<\/h4>\n                    <\/div>\n                <\/div>\n            <\/div>\n            <!--end of row-->\n        <\/div>\n        <!--end of container-->\n    <\/section>\n","protected":false},"excerpt":{"rendered":"<p>MendozaTierra del Sol y el Buen Vino 9 al 18 de marzo de 2026 Ubicada al pie de la imponente Cordillera de&#8230;<\/p>\n","protected":false},"author":4,"featured_media":0,"parent":0,"menu_order":0,"comment_status":"closed","ping_status":"closed","template":"","meta":{"footnotes":""},"class_list":["post-4920","page","type-page","status-publish","hentry"],"_links":{"self":[{"href":"https:\/\/trippwine.com\/es\/wp-json\/wp\/v2\/pages\/4920","targetHints":{"allow":["GET"]}}],"collection":[{"href":"https:\/\/trippwine.com\/es\/wp-json\/wp\/v2\/pages"}],"about":[{"href":"https:\/\/trippwine.com\/es\/wp-json\/wp\/v2\/types\/page"}],"author":[{"embeddable":true,"href":"https:\/\/trippwine.com\/es\/wp-json\/wp\/v2\/users\/4"}],"replies":[{"embeddable":true,"href":"https:\/\/trippwine.com\/es\/wp-json\/wp\/v2\/comments?post=4920"}],"version-history":[{"count":7,"href":"https:\/\/trippwine.com\/es\/wp-json\/wp\/v2\/pages\/4920\/revisions"}],"predecessor-version":[{"id":4931,"href":"https:\/\/trippwine.com\/es\/wp-json\/wp\/v2\/pages\/4920\/revisions\/4931"}],"wp:attachment":[{"href":"https:\/\/trippwine.com\/es\/wp-json\/wp\/v2\/media?parent=4920"}],"curies":[{"name":"wp","href":"https:\/\/api.w.org\/{rel}","templated":true}]}}