{"id":4854,"date":"2024-10-11T02:15:37","date_gmt":"2024-10-11T02:15:37","guid":{"rendered":"https:\/\/trippwine.com\/es\/?page_id=4854"},"modified":"2026-01-16T18:04:19","modified_gmt":"2026-01-16T18:04:19","slug":"montanaydiversidad-2","status":"publish","type":"page","link":"https:\/\/trippwine.com\/es\/montanaydiversidad-2\/","title":{"rendered":"Argentina: Monta\u00f1a y Diversidad"},"content":{"rendered":"\n    <section class=\"cover imagebg text-center section--ken-burns height-60\" data-overlay=\"4\">\n        <div class=\"background-image-holder\"><img alt=\"\" src=\"https:\/\/trippwine.com\/es\/wp-content\/uploads\/2024\/10\/422ff0f9-e221-4455-a7d4-9483b0af4ddb.jpg\"><\/div>\n        <div class=\"container pos-vertical-center\">\n            <div class=\"row\">\n                <div class=\"col-sm-10 col-md-8\">\n                    \n                        <h1>Argentina: Monta\u00f1a y Diversidad<br>(consultar fechas)<\/h1>\n                    \n                <\/div>\n            <\/div>\n            <!--end of row-->\n        <\/div>\n        <!--end of container-->\n    <\/section>\n    <section>\n        <div class=\"container\">\n            <div class=\"row\">\n                <div class=\"col-sm-12\">\n                    <h2><img class=\"wp-image-4796 alignright\" src=\"https:\/\/trippwine.com\/es\/wp-content\/uploads\/2024\/10\/ar.png\" alt=\"\" width=\"176\" height=\"110\"><\/h2>\n                    <h2><strong>Argentina: Monta\u00f1a y Diversidad<\/strong><\/h2>\n                    <p class=\"lead\">Ubicadas en el noroeste y centro-oeste de Argentina, Salta y Mendoza se destacan como destinos imprescindibles para los amantes del vino. En particular, la pintoresca localidad de Cafayate, famosa por sus vinos de altura y el torront\u00e9s como uva insignia de los Valles Calchaqu\u00edes, ofrece un entorno ideal para disfrutar tanto de sus vinos como de sus impresionantes paisajes.<\/p>\n                    <p class=\"lead\">Los vi\u00f1edos y bodegas de Mendoza reflejan la rica identidad regional, donde cada rinc\u00f3n narra historias sobre las tradiciones vitivin\u00edcolas que han sido transmitidas a lo largo de generaciones, ganando reconocimiento mundial. Por ello, el Winemaker y Sommelier Joshua Tripp y el experto local Ignacio Pitrella te invitan a un viaje inolvidable de <strong>12 d\u00edas y 11 noches<\/strong>, explorando las vin\u00edcolas de estas dos regiones. <br><br>Este programa ha sido dise\u00f1ado para sumergir a los participantes en el destino, combinando la belleza natural con la rica tradici\u00f3n vitivin\u00edcola. Los asistentes tendr\u00e1n la oportunidad de degustar una amplia variedad de vinos y disfrutar de la exquisita gastronom\u00eda que ambas regiones ofrecen.<\/p>\n                <\/div>\n            <\/div>\n            <!--end of row-->\n        <\/div>\n        <!--end of container-->\n    <\/section>\n    <section class=\"imageblock switchable feature-large\">\n        <div class=\"imageblock__content col-md-6 col-sm-4 pos-right\">\n            <div class=\"background-image-holder\"> <img alt=\"\" src=\"https:\/\/trippwine.com\/es\/wp-content\/uploads\/2024\/10\/IMG_6882-scaled.jpg\"> <\/div>\n        <\/div>\n        <div class=\"container\">\n            <div class=\"row\">\n                <div class=\"col-md-5 col-sm-7\">\n                    <p class=\"lead\">El punto de encuentro ser\u00e1 en la ciudad de Salta. Tras una introducci\u00f3n sobre el viaje y la regi\u00f3n con Laura y Josh, realizaremos un recorrido por la encantadora ciudad. Al d\u00eda siguiente, nos dirigiremos hacia Cafayate. Durante este trayecto de aproximadamente 180 km, disfrutaremos de las espectaculares vistas de la Quebrada de Las Conchas, conocida por sus formaciones geol\u00f3gicas \u00fanicas.<\/p>\n                <\/div>\n            <\/div>\n            <!--end of row-->\n        <\/div>\n        <!--end of container-->\n    <\/section>\n    <section class=\"imageblock switchable feature-large\">\n        <div class=\"imageblock__content col-md-6 col-sm-4 pos-right\">\n            <div class=\"background-image-holder\"> <img alt=\"\" src=\"https:\/\/trippwine.com\/es\/wp-content\/uploads\/2024\/10\/b24db0ac-f22f-408e-a524-b82394b8a2ae.jpg\"> <\/div>\n        <\/div>\n        <div class=\"container\">\n            <div class=\"row\">\n                <div class=\"col-md-5 col-sm-7\">\n                    <p class=\"lead\">En Cafayate, nos alojaremos en un hotel rodeado de vi\u00f1edos y visitaremos cinco vin\u00edcolas reconocidas. Al finalizar nuestra experiencia en Cafayate, regresaremos a la ciudad de Salta para tomar un vuelo hacia Mendoza.<\/p>\n                <\/div>\n            <\/div>\n            <!--end of row-->\n        <\/div>\n        <!--end of container-->\n    <\/section>\n    <section class=\"imageblock switchable feature-large\">\n        <div class=\"imageblock__content col-md-6 col-sm-4 pos-right\">\n            <div class=\"background-image-holder\"> <img alt=\"\" src=\"https:\/\/trippwine.com\/es\/wp-content\/uploads\/2024\/10\/f02988cd-1390-4eb8-8e86-9a75b23a7eef.jpg\"> <\/div>\n        <\/div>\n        <div class=\"container\">\n            <div class=\"row\">\n                <div class=\"col-md-5 col-sm-7\">\n                    <p class=\"lead\">Al llegar a Mendoza, disfrutaremos de un almuerzo de bienvenida, seguido por un city tour que nos introducir\u00e1 a la provincia. Durante nuestra estancia en Mendoza, exploraremos las regiones de Maip\u00fa, Luj\u00e1n y Valle de Uco, visitando un total de 11 vin\u00edcolas.<\/p>\n                    <p class=\"lead\"><br>El viaje finaliza en la ciudad de Mendoza.<\/p>\n                <\/div>\n            <\/div>\n            <!--end of row-->\n        <\/div>\n        <!--end of container-->\n    <\/section>\n    <section>\n        <div class=\"container\">\n            <div class=\"row\">\n                <div class=\"col-md-6 col-sm-12\">\n                    <h4>Servicios Incluidos<\/h4>\n                    <ul class=\"bullets\">\n                        <li><span class=\"a_GcMg font-feature-liga-off font-feature-clig-off font-feature-calt-off font-size-modifier text-decoration-none text-strikethrough-none\">Pick-up<\/span><span class=\"a_GcMg font-feature-liga-off font-feature-clig-off font-feature-calt-off text-decoration-none text-strikethrough-none\"> en aeropuerto de Salta (SLA)<\/span><\/li>\n                        <li><span class=\"a_GcMg font-feature-liga-off font-feature-clig-off font-feature-calt-off text-decoration-none text-strikethrough-none\">D<\/span><span class=\"a_GcMg font-feature-liga-off font-feature-clig-off font-feature-calt-off text-decoration-none text-strikethrough-none font-size-modifier\">rop-off en aeropuerto de Mendoza (MDZ)<\/span><\/li>\n                        <li><span class=\"a_GcMg font-feature-liga-off font-feature-clig-off font-feature-calt-off text-decoration-none text-strikethrough-none\">Vuelo sencillo Salta - Mendoza<\/span><\/li>\n                        <li><span class=\"a_GcMg font-feature-liga-off font-feature-clig-off font-feature-calt-off font-size-modifier text-decoration-none text-strikethrough-none\">Transporte terrestre privado durante todo el viaje<\/span><\/li>\n                        <li><span class=\"a_GcMg font-feature-liga-off font-feature-clig-off font-feature-calt-off text-decoration-none text-strikethrough-none\">2 noches en alojamiento de hotel 5 estrellas en la Ciudad de Salta<\/span><\/li>\n                        <li><span class=\"a_GcMg font-feature-liga-off font-feature-clig-off font-feature-calt-off text-decoration-none text-strikethrough-none\">2 noches en alojamiento de hotel 5 estrellas<\/span><span class=\"a_GcMg font-feature-liga-off font-feature-clig-off font-feature-calt-off text-decoration-none text-strikethrough-none white-space-prewrap\"> <\/span><span class=\"a_GcMg font-feature-liga-off font-feature-clig-off font-feature-calt-off text-decoration-none text-strikethrough-none\">en Cafayate<\/span><\/li>\n                        <li><span class=\"a_GcMg font-feature-liga-off font-feature-clig-off font-feature-calt-off text-decoration-none text-strikethrough-none\">5 noches en alojamiento de hotel 5 estrellas en la Ciudad de Mendoza<\/span><\/li>\n                        <li><span class=\"a_GcMg font-feature-liga-off font-feature-clig-off font-feature-calt-off text-decoration-none text-strikethrough-none\">2 noches de alojamiento en Posada Boutique en Valle de Uco<\/span><\/li>\n                        <li><span class=\"a_GcMg font-feature-liga-off font-feature-clig-off font-feature-calt-off text-decoration-none text-strikethrough-none\">Visita y degustaci\u00f3n en 16 vin\u00edcolas<\/span><\/li>\n                        <li><span class=\"a_GcMg font-feature-liga-off font-feature-clig-off font-feature-calt-off text-decoration-none text-strikethrough-none\">7<\/span><span class=\"a_GcMg font-feature-liga-off font-feature-clig-off font-feature-calt-off text-decoration-none text-strikethrough-none\"> comidas<\/span><\/li>\n                        <li><span class=\"a_GcMg font-feature-liga-off font-feature-clig-off font-feature-calt-off text-decoration-none text-strikethrough-none\">Cena de bienvenida con introducci\u00f3n a carnes argentinas<\/span><\/li>\n                        <li><span class=\"a_GcMg font-feature-liga-off font-feature-clig-off font-feature-calt-off text-decoration-none text-strikethrough-none\">Cena de despedida<\/span><\/li>\n                        <li><span class=\"a_GcMg font-feature-liga-off font-feature-clig-off font-feature-calt-off text-decoration-none text-strikethrough-none\">Snacks y bebidas no alcoh\u00f3licas en el transporte terrestre<\/span><\/li>\n                        <li><span class=\"a_GcMg font-feature-liga-off font-feature-clig-off font-feature-calt-off font-size-modifier text-decoration-none text-strikethrough-none\">Acompa\u00f1amiento de expertos de Tripp Wine durante todo el viaje<\/span><\/li>\n                        <li><span class=\"a_GcMg white-space-prewrap font-feature-liga-off font-feature-clig-off font-feature-calt-off font-size-modifier text-decoration-none text-strikethrough-none\"> <\/span><span class=\"a_GcMg font-feature-liga-off font-feature-clig-off font-feature-calt-off font-size-modifier text-decoration-none text-strikethrough-none\">Impuestos<\/span><span class=\"a_GcMg font-feature-liga-off font-feature-clig-off font-feature-calt-off font-size-modifier text-decoration-none text-strikethrough-none white-space-prewrap\"> <\/span><\/li>\n                    <\/ul>\n                    <ul>\n                        <li class=\"lead\">\n                            <p class=\"cvGsUA direction-ltr align-center para-style-body\"><span class=\"a_GcMg font-feature-liga-off font-feature-clig-off font-feature-calt-off font-size-modifier text-decoration-none text-strikethrough-none\">Precio: <\/span><span class=\"a_GcMg font-feature-liga-off font-feature-clig-off font-feature-calt-off font-size-modifier text-decoration-none text-strikethrough-none\">$5,150 USD<\/span><span class=\"a_GcMg font-feature-liga-off font-feature-clig-off font-feature-calt-off font-size-modifier text-decoration-none text-strikethrough-none\"> por persona (en base doble)<\/span><\/p>\n                            <p class=\"cvGsUA direction-ltr align-center para-style-body\"><span class=\"a_GcMg font-feature-liga-off font-feature-clig-off font-feature-calt-off font-size-modifier text-decoration-none text-strikethrough-none\">Fecha l\u00edmite para pago: (consultar)<\/span><\/p>\n                            <p class=\"cvGsUA direction-ltr align-center para-style-body\"><span class=\"a_GcMg font-feature-liga-off font-feature-clig-off font-feature-calt-off font-size-modifier text-decoration-none text-strikethrough-none\">DESCUENTO de <\/span><span class=\"a_GcMg font-feature-liga-off font-feature-clig-off font-feature-calt-off font-size-modifier text-decoration-none text-strikethrough-none\">$350 USD<\/span><span class=\"a_GcMg font-feature-liga-off font-feature-clig-off font-feature-calt-off font-size-modifier text-decoration-none text-strikethrough-none\"> si reservas con antelaci\u00f3n <\/span><span class=\"a_GcMg font-feature-liga-off font-feature-clig-off font-feature-calt-off text-decoration-none text-strikethrough-none font-size-modifier\">por un total de <\/span><span class=\"a_GcMg font-feature-liga-off font-feature-clig-off font-feature-calt-off text-decoration-none text-strikethrough-none font-size-modifier\">$4,899 USD<\/span><span class=\"a_GcMg font-feature-liga-off font-feature-clig-off font-feature-calt-off text-decoration-none text-strikethrough-none font-size-modifier\"> por persona (en base doble)<\/span><\/p>\n                            <p class=\"cvGsUA direction-ltr align-center para-style-body\"><span class=\"a_GcMg font-feature-liga-off font-feature-clig-off font-feature-calt-off font-size-modifier text-decoration-none text-strikethrough-none\">Recargo por habitaci\u00f3n sencilla: <\/span><span class=\"a_GcMg font-feature-liga-off font-feature-clig-off font-feature-calt-off font-size-modifier text-decoration-none text-strikethrough-none\">$805 USD<\/span><\/p>\n                        <\/li>\n                        <li class=\"lead\">\n                            <p class=\"cvGsUA direction-ltr align-center para-style-body\">&nbsp;<\/p>\n                        <\/li>\n                    <\/ul>\n                <\/div>\n                <div class=\"col-md-6 col-sm-12\">\n                    <h4>Servicios No Incluidos<\/h4>\n                    <ul class=\"bullets\">\n                        <li><span class=\"a_GcMg font-feature-liga-off font-feature-clig-off font-feature-calt-off font-size-modifier text-decoration-none text-strikethrough-none\">Vuelos internacionales o nacionales no especificados en los servicios incluidos<\/span><\/li>\n                        <li><span class=\"a_GcMg font-feature-liga-off font-feature-clig-off font-feature-calt-off font-size-modifier text-decoration-none text-strikethrough-none\">Comida no especificada en los servicios incluidos<\/span><\/li>\n                        <li><span class=\"a_GcMg font-feature-liga-off font-feature-clig-off font-feature-calt-off font-size-modifier text-decoration-none text-strikethrough-none\">Propinas<\/span><\/li>\n                        <li><span class=\"a_GcMg font-feature-liga-off font-feature-clig-off font-feature-calt-off font-size-modifier text-decoration-none text-strikethrough-none\">Seguro m\u00e9dico internacional<\/span><\/li>\n                        <li><span class=\"a_GcMg font-feature-liga-off font-feature-clig-off font-feature-calt-off font-size-modifier text-decoration-none text-strikethrough-none\">Otros servicios no especificados en los servicios incluidos<\/span><\/li>\n                    <\/ul>\n                    <p>&nbsp;<\/p>\n                    <p>&nbsp;<\/p>\n                    <p>&nbsp;<\/p>\n                    <p>&nbsp;<\/p>\n                    <p>&nbsp;<\/p>\n                    <ul>\n                        <li class=\"lead\">\n                            <p class=\"cvGsUA direction-ltr align-center para-style-body\"><span class=\"a_GcMg font-feature-liga-off font-feature-clig-off font-feature-calt-off font-size-modifier text-decoration-none text-strikethrough-none\">*Para reservar su lugar es necesario hacer un pago anticipado del 25% (no reembolsable) y pagar el 75% restante a m\u00e1s tardar un mes antes del inicio del programa.<\/span><\/p>\n                        <\/li>\n                        <li class=\"lead\">\n                            <p class=\"cvGsUA direction-ltr align-center para-style-body\"><span class=\"a_GcMg font-feature-liga-off font-feature-clig-off font-feature-calt-off text-decoration-none text-strikethrough-none\">*Debido a fluctuaciones en los precios en la econom\u00eda argentina los valores indicados est\u00e1n sujetos a posibles modificaciones.<\/span><\/p>\n                        <\/li>\n                    <\/ul>\n                <\/div>\n            <\/div>\n            <!--end of row-->\n        <\/div>\n        <!--end of container-->\n    <\/section>\n    <section class=\"imagebg\" data-overlay=\"5\">\n        <div class=\"background-image-holder\"> <img alt=\"\" src=\"https:\/\/trippwine.com\/es\/wp-content\/uploads\/2024\/10\/59774293-1f26-403e-a347-d4da05871eac.jpg\"> <\/div>\n        <div class=\"container\">\n            <div class=\"row\">\n                <div class=\"col-sm-6\">\n                    <h4>T\u00e9rminos y Condiciones<\/h4>\n                    <p class=\"cvGsUA direction-ltr align-justify para-style-body\"><span class=\"a_GcMg font-feature-liga-off font-feature-clig-off font-feature-calt-off font-size-modifier text-decoration-none text-strikethrough-none\">Es necesario tener un seguro m\u00e9dico<\/span><span class=\"a_GcMg font-feature-liga-off font-feature-clig-off font-feature-calt-off text-decoration-none text-strikethrough-none\"> internacional<\/span><span class=\"a_GcMg font-feature-liga-off font-feature-clig-off font-feature-calt-off text-decoration-none text-strikethrough-none font-size-modifier\"> o de viaje para participar en el programa. Si no tiene dicho seguro, con gusto se lo cotizaremos y a\u00f1adiremos en el precio final.<\/span><\/p>\n                    <p class=\"cvGsUA direction-ltr align-justify para-style-body\"><span class=\"a_GcMg font-feature-liga-off font-feature-clig-off font-feature-calt-off font-size-modifier text-decoration-none text-strikethrough-none\">Los hoteles de alojamiento y las bodegas a visitar se confirmar\u00e1n con el<\/span><span class=\"a_GcMg font-feature-liga-off font-feature-clig-off font-feature-calt-off text-decoration-none text-strikethrough-none\"> pago final<\/span><span class=\"a_GcMg font-feature-liga-off font-feature-clig-off font-feature-calt-off text-decoration-none text-strikethrough-none font-size-modifier\"> y pueden ser modificados seg\u00fan la disponibilidad por otros de una categor\u00eda similar.<\/span><\/p>\n                    <p class=\"cvGsUA direction-ltr align-justify para-style-body\"><span class=\"a_GcMg font-feature-liga-off font-feature-clig-off font-feature-calt-off text-decoration-none text-strikethrough-none\">El pago puede ser en efectivo (MXN o USD), transferencia bancaria o tarjeta de cr\u00e9dito (aceptamos todas las tarjetas de cr\u00e9dito<\/span><span class=\"a_GcMg font-feature-liga-off font-feature-clig-off font-feature-calt-off text-decoration-none text-strikethrough-none font-size-modifier\">;<\/span><span class=\"a_GcMg font-feature-liga-off font-feature-clig-off font-feature-calt-off text-decoration-none text-strikethrough-none\"> cargo por comisi\u00f3n de tarjeta de cr\u00e9dito\/d\u00e9bito no incluido).<\/span><\/p>\n                    <p class=\"cvGsUA direction-ltr align-justify para-style-body\"><span class=\"a_GcMg font-feature-liga-off font-feature-clig-off font-feature-calt-off text-decoration-none text-strikethrough-none\">Se considera el tipo de cambio a la venta del Banco BBVA del d\u00eda que se realiza el pago.<\/span><\/p>\n                    <p class=\"cvGsUA direction-ltr align-justify para-style-body\"><span class=\"a_GcMg font-feature-liga-off font-feature-clig-off font-feature-calt-off font-size-modifier text-decoration-none text-strikethrough-none\">Para reservar su lugar, es necesario realizar un pago anticipado del 25% (no reembolsable) y pagar el 75% restante un mes antes del inicio del programa<\/span><span class=\"a_GcMg font-feature-liga-off font-feature-clig-off font-feature-calt-off text-decoration-none text-strikethrough-none\">.<\/span><\/p>\n                <\/div>\n                <div class=\"col-sm-6\"> <\/div>\n            <\/div>\n            <!--end of row-->\n        <\/div>\n        <!--end of container-->\n    <\/section>\n    <section class=\"switchable feature-large feature-large-13\">\n        <div class=\"container\">\n            <div class=\"row\">\n                <div class=\"col-sm-6\"> <img alt=\"\" class=\"border--round box-shadow-wide\" src=\"https:\/\/trippwine.com\/es\/wp-content\/uploads\/2024\/10\/205a7a5c-d104-4ecf-85e2-b9d4f500a5d4.jpg\"> <\/div>\n                <div class=\"col-sm-6 col-md-5\">\n                    <div class=\"switchable__text\">\n                        \n                            <h3><strong>Pol\u00edtica de Cancelaci\u00f3n<\/strong><\/h3>\n                            <p class=\"lead\">En caso de cancelaci\u00f3n, Tripp Wine reembolsar\u00e1 los siguientes porcentajes del los montos pagados:<\/p>\n                            <ul class=\"bullets\">\n                                <li class=\"lead\">45 \u2013 30 D\u00edas antes del viaje: 75%.<\/li>\n                                <li class=\"lead\">29 \u2013 15 D\u00edas antes del viaje: 50%<\/li>\n                                <li class=\"lead\">15 \u2013 8 D\u00edas antes del viaje: 25%<\/li>\n                                <li class=\"lead\">7 \u2013 3 D\u00edas antes del viaje: 15%<\/li>\n                                <li class=\"lead\">2 D\u00edas o menos antes del viaje se considera \"no show\" y no se podr\u00e1 efectuar ning\u00fan reembolso.<\/li>\n                            <\/ul>\n                        \n                    <\/div>\n                <\/div>\n            <\/div>\n            <!--end of row-->\n        <\/div>\n        <!--end of container-->\n    <\/section>\n","protected":false},"excerpt":{"rendered":"<p>Argentina: Monta\u00f1a y Diversidad(consultar fechas) Argentina: Monta\u00f1a y Diversidad Ubicadas en el noroeste y centro-oeste de Argentina, Salta y Mendoza se destacan&#8230;<\/p>\n","protected":false},"author":1,"featured_media":0,"parent":0,"menu_order":0,"comment_status":"closed","ping_status":"closed","template":"","meta":{"footnotes":""},"class_list":["post-4854","page","type-page","status-publish","hentry"],"_links":{"self":[{"href":"https:\/\/trippwine.com\/es\/wp-json\/wp\/v2\/pages\/4854","targetHints":{"allow":["GET"]}}],"collection":[{"href":"https:\/\/trippwine.com\/es\/wp-json\/wp\/v2\/pages"}],"about":[{"href":"https:\/\/trippwine.com\/es\/wp-json\/wp\/v2\/types\/page"}],"author":[{"embeddable":true,"href":"https:\/\/trippwine.com\/es\/wp-json\/wp\/v2\/users\/1"}],"replies":[{"embeddable":true,"href":"https:\/\/trippwine.com\/es\/wp-json\/wp\/v2\/comments?post=4854"}],"version-history":[{"count":23,"href":"https:\/\/trippwine.com\/es\/wp-json\/wp\/v2\/pages\/4854\/revisions"}],"predecessor-version":[{"id":4938,"href":"https:\/\/trippwine.com\/es\/wp-json\/wp\/v2\/pages\/4854\/revisions\/4938"}],"wp:attachment":[{"href":"https:\/\/trippwine.com\/es\/wp-json\/wp\/v2\/media?parent=4854"}],"curies":[{"name":"wp","href":"https:\/\/api.w.org\/{rel}","templated":true}]}}