{"id":4700,"date":"2024-10-10T04:14:28","date_gmt":"2024-10-10T04:14:28","guid":{"rendered":"https:\/\/trippwine.com\/es\/?page_id=4700"},"modified":"2026-01-16T18:33:43","modified_gmt":"2026-01-16T18:33:43","slug":"andespacif-3","status":"publish","type":"page","link":"https:\/\/trippwine.com\/es\/andespacif-3\/","title":{"rendered":"De Los Andes al Pac\u00edfico"},"content":{"rendered":"\n    <section class=\"cover imagebg text-center section--ken-burns height-50\" data-overlay=\"5\">\n        <div class=\"background-image-holder\"><img alt=\"\" src=\"https:\/\/trippwine.com\/es\/wp-content\/uploads\/2024\/10\/MONTES-5.jpg\"><\/div>\n        <div class=\"container pos-vertical-center\">\n            <div class=\"row\">\n                <div class=\"col-sm-10 col-md-8\">\n                    \n                        <h1>Chile: De Los Andes Al Pac\u00edfico<br>(consultar fechas)<\/h1>\n                        <p>&nbsp;<\/p>\n                    \n                <\/div>\n            <\/div>\n            <!--end of row-->\n        <\/div>\n        <!--end of container-->\n    <\/section>\n    <section>\n        <div class=\"container\">\n            <div class=\"row\">\n                <div class=\"col-sm-12\">\n                    <h2><img class=\"alignright wp-image-4786\" src=\"https:\/\/trippwine.com\/es\/wp-content\/uploads\/2024\/10\/cl.png\" alt=\"\" width=\"131\" height=\"87\"><\/h2>\n                    <h2><strong>Chile: De Los Andes Al Pac\u00edfico<\/strong><\/h2>\n                    <p class=\"lead\">Chile ocupa el cuarto lugar a nivel mundial en exportaci\u00f3n de vino, superado solo por pa\u00edses con una larga tradici\u00f3n vitivin\u00edcola como Francia, Espa\u00f1a e Italia. La combinaci\u00f3n de climas diversos, suelos f\u00e9rtiles y una rica tradici\u00f3n vitivin\u00edcola ha permitido que los vinos chilenos sean reconocidos y apreciados internacionalmente.<\/p>\n                    <p class=\"lead\">El Winemaker y Sommelier Joshua Tripp te invitan a conocer el mundo vitivin\u00edcola de Chile.<\/p>\n                    <p class=\"lead\">En este programa de <strong>11 d\u00edas y 10 noches<\/strong>, exploraremos 4 valles, comenzando por la regi\u00f3n conocida como el \u201cBurdeos de Am\u00e9rica del Sur\u201d, el Valle del Maipo. En esta zona, la uva Carmen\u00e8re destaca como la variedad insignia de Chile, ofreciendo vinos con caracter\u00edsticas \u00fanicas y reconocidas a nivel mundial.<\/p>\n                <\/div>\n            <\/div>\n            <!--end of row-->\n        <\/div>\n        <!--end of container-->\n    <\/section>\n    <section class=\"imageblock switchable feature-large\">\n        <div class=\"imageblock__content col-md-6 col-sm-4 pos-right\">\n            <div class=\"background-image-holder\"> <img alt=\"\" src=\"https:\/\/trippwine.com\/es\/wp-content\/uploads\/2024\/10\/SIEBENTHAL-4.jpg\"> <\/div>\n        <\/div>\n        <div class=\"container\">\n            <div class=\"row\">\n                <div class=\"col-md-5 col-sm-7\">\n                    <p class=\"lead\">Nuestra traves\u00eda contin\u00faa en el Valle de Casablanca, que se distingue por su clima fresco y h\u00famedo, as\u00ed como por su suelo arcilloso y mineral. Estas condiciones son ideales para el cultivo de uvas blancas, que representan m\u00e1s del 60% de los vi\u00f1edos de la regi\u00f3n.<\/p>\n                <\/div>\n            <\/div>\n            <!--end of row-->\n        <\/div>\n        <!--end of container-->\n    <\/section>\n    <section class=\"imageblock switchable feature-large\">\n        <div class=\"imageblock__content col-md-6 col-sm-4 pos-right\">\n            <div class=\"background-image-holder\"> <img alt=\"\" src=\"https:\/\/trippwine.com\/es\/wp-content\/uploads\/2024\/10\/TN-COOPERS-3.jpg\"> <\/div>\n        <\/div>\n        <div class=\"container\">\n            <div class=\"row\">\n                <div class=\"col-md-5 col-sm-7\">\n                    <p class=\"lead\">Seguimos rumbo hacia el Valle de Colchagua, situado en el centro del pa\u00eds. Este valle es famoso por sus varietales tintos y alberga reconocidas bodegas como Vi\u00f1a Montes y Vi\u00f1a Santa Cruz, que son emblem\u00e1ticas en la producci\u00f3n de vino de alta calidad.<\/p>\n                <\/div>\n            <\/div>\n            <!--end of row-->\n        <\/div>\n        <!--end of container-->\n    <\/section>\n    <section class=\"imageblock switchable feature-large\">\n        <div class=\"imageblock__content col-md-6 col-sm-4 pos-right\">\n            <div class=\"background-image-holder\"> <img alt=\"\" src=\"https:\/\/trippwine.com\/es\/wp-content\/uploads\/2024\/10\/UNDURRAGA-4.jpg\"> <\/div>\n        <\/div>\n        <div class=\"container\">\n            <div class=\"row\">\n                <div class=\"col-md-5 col-sm-7\">\n                    <p class=\"lead\">Finalmente, culminamos nuestro recorrido con el Valle de Aconcagua, otro de los valles destacados del pa\u00eds que cuenta con Denominaci\u00f3n de Origen, situado en la regi\u00f3n de Valpara\u00edso, con vi\u00f1edos que se extienden desde la costa hasta altitudes superiores a los 1,100 metros en los Andes, y un clima mediterr\u00e1neo que garantiza altos est\u00e1ndares de calidad en sus vinos.<\/p>\n                <\/div>\n            <\/div>\n            <!--end of row-->\n        <\/div>\n        <!--end of container-->\n    <\/section>\n    <section>\n        <div class=\"container\">\n            <div class=\"row\">\n                <div class=\"col-sm-12\">\n                    <p class=\"lead\">Este viaje es una excelente oportunidad que nos permitir\u00e1 apreciar la diversidad y riqueza del vino chileno.<\/p>\n                <\/div>\n            <\/div>\n            <!--end of row-->\n        <\/div>\n        <!--end of container-->\n    <\/section>\n    <section>\n        <div class=\"container\">\n            <div class=\"row\">\n                <div class=\"col-md-6 col-sm-12\">\n                    <h4>Servicios Incluidos<\/h4>\n                    <ul class=\"bullets\">\n                        <li>Pick-up \/ Drop-off en el aeropuerto de Santiago de Chile (SCL)<\/li>\n                        <li>Transporte terrestre privado durante todo el viaje<\/li>\n                        <li>8 noches de alojamiento en hotel 5 estrellas en Santiago<\/li>\n                        <li>2 noches de alojamiento en hotel 5 estrellas en Santa Cruz<\/li>\n                        <li>City tour en Santiago de Chile<\/li>\n                        <li>9 comidas<\/li>\n                        <li>Cena de despedida<\/li>\n                        <li>Visita ay degustaci\u00f3n en 16 vin\u00edcolas<\/li>\n                        <li>Snacks y bebidas no alcoh\u00f3licas durante transporte terrestre<\/li>\n                        <li>Acompa\u00f1amiento de expertos de Tripp Wine durante todo el viaje<\/li>\n                        <li>Impuestos<\/li>\n                    <\/ul>\n                    <ul>\n                        <li>\n                            <p class=\"cvGsUA direction-ltr align-center para-style-body\"><span class=\"a_GcMg font-feature-liga-off font-feature-clig-off font-feature-calt-off font-size-modifier text-decoration-none text-strikethrough-none\">Precio: <\/span><span class=\"a_GcMg font-feature-liga-off font-feature-clig-off font-feature-calt-off font-size-modifier text-decoration-none text-strikethrough-none\"><strong>$5,450 USD<\/strong><\/span><span class=\"a_GcMg font-feature-liga-off font-feature-clig-off font-feature-calt-off font-size-modifier text-decoration-none text-strikethrough-none\"> (en base doble)<\/span><\/p>\n                            <p class=\"cvGsUA direction-ltr align-center para-style-body\"><span class=\"a_GcMg font-feature-liga-off font-feature-clig-off font-feature-calt-off font-size-modifier text-decoration-none text-strikethrough-none\">Fecha l\u00edmite para pago: (consultar)<\/span><\/p>\n                            <p class=\"cvGsUA direction-ltr align-center para-style-body\">&nbsp;<\/p>\n                            <p class=\"cvGsUA direction-ltr align-center para-style-body\"><span class=\"a_GcMg font-feature-liga-off font-feature-clig-off font-feature-calt-off font-size-modifier text-decoration-none text-strikethrough-none\">DESCUENTO de <\/span><span class=\"a_GcMg font-feature-liga-off font-feature-clig-off font-feature-calt-off font-size-modifier text-decoration-none text-strikethrough-none\"><strong>$350 USD<\/strong><\/span><span class=\"a_GcMg font-feature-liga-off font-feature-clig-off font-feature-calt-off font-size-modifier text-decoration-none text-strikethrough-none\"> si reservas con antelaci\u00f3n<\/span><span class=\"a_GcMg font-feature-liga-off font-feature-clig-off font-feature-calt-off text-decoration-none text-strikethrough-none font-size-modifier\">&nbsp;por un total de <\/span><strong><span class=\"a_GcMg font-feature-liga-off font-feature-clig-off font-feature-calt-off text-decoration-none text-strikethrough-none font-size-modifier\">$5,100 USD<\/span><\/strong><span class=\"a_GcMg font-feature-liga-off font-feature-clig-off font-feature-calt-off text-decoration-none text-strikethrough-none font-size-modifier\"> (en base doble)<\/span><\/p>\n                            <p class=\"cvGsUA direction-ltr align-center para-style-body\"><span class=\"a_GcMg font-feature-liga-off font-feature-clig-off font-feature-calt-off font-size-modifier text-decoration-none text-strikethrough-none\">Recargo por habitaci\u00f3n sencilla: <\/span><strong><span class=\"a_GcMg font-feature-liga-off font-feature-clig-off font-feature-calt-off font-size-modifier text-decoration-none text-strikethrough-none\">$620 USD<\/span><\/strong><\/p>\n                        <\/li>\n                        <li class=\"lead\">&nbsp;<\/li>\n                    <\/ul>\n                <\/div>\n                <div class=\"col-md-6 col-sm-12\">\n                    <h4>Servicios No Incluidos<\/h4>\n                    <ul class=\"bullets\">\n                        <li style=\"font-weight: 400;\" aria-level=\"1\"><span style=\"font-weight: 400;\">Vuelos internacionales o nacionales no especificados en los servicios incluidos<\/span><\/li>\n                        <li style=\"font-weight: 400;\" aria-level=\"1\"><span style=\"font-weight: 400;\">&nbsp;Alimentos no especificados en los servicios incluidos<\/span><\/li>\n                        <li style=\"font-weight: 400;\" aria-level=\"1\"><span style=\"font-weight: 400;\">&nbsp;Propinas<\/span><\/li>\n                        <li style=\"font-weight: 400;\" aria-level=\"1\"><span style=\"font-weight: 400;\">&nbsp;Seguro m\u00e9dico internacional<\/span><\/li>\n                        <li style=\"font-weight: 400;\" aria-level=\"1\"><span style=\"font-weight: 400;\">&nbsp;Otros servicios no especificados en servicios incluidos<\/span><\/li>\n                    <\/ul>\n                <\/div>\n            <\/div>\n            <!--end of row-->\n        <\/div>\n        <!--end of container-->\n    <\/section>\n    <section class=\"imagebg\" data-overlay=\"5\">\n        <div class=\"background-image-holder\"> <img alt=\"\" src=\"https:\/\/trippwine.com\/es\/wp-content\/uploads\/2024\/10\/PASTEL-DE-CHOCLO-5.jpg\"> <\/div>\n        <div class=\"container\">\n            <div class=\"row\">\n                <div class=\"col-sm-6\">\n                    <h4>T\u00e9rminos y Condiciones<\/h4>\n                    <p>Es necesario tener un seguro m\u00e9dico internacional o de viaje para participar en el programa. Si no tiene dicho seguro, con gusto se lo cotizaremos y a\u00f1adiremos en el precio final.<\/p>\n                    <p>Los hoteles de alojamiento y las bodegas a visitar se confirmar\u00e1n con el pago final y pueden ser modificaos seg\u00fan la disponibilidad por otros de una categor\u00eda similar.<\/p>\n                    <p>El pago puede ser en efectivo (MXN o USD), transferencia bancaria o tarjeta de cr\u00e9dito (aceptamos todas las tarjetas de cr\u00e9dito; cargo por comisi\u00f3n de tarjeta de cr\u00e9dito\/d\u00e9bito no incluido.<\/p>\n                    <p>Se considera el tipo de cambio del Banco BBVA del d\u00eda que se realiza el pago.<\/p>\n                    <p>Para reservar su lugar es necesario realizar un anticipo del 25% (no reembolsable) y liquidar el 75% restante a m\u00e1s tardar un mes antes del inicio del programa.<\/p>\n                <\/div>\n                <div class=\"col-sm-6\"> <\/div>\n            <\/div>\n            <!--end of row-->\n        <\/div>\n        <!--end of container-->\n    <\/section>\n    <section class=\"switchable feature-large feature-large-13\">\n        <div class=\"container\">\n            <div class=\"row\">\n                <div class=\"col-sm-6\"> <img alt=\"\" class=\"border--round box-shadow-wide\" src=\"https:\/\/trippwine.com\/es\/wp-content\/uploads\/2024\/10\/CONCHA-Y-TORO-2.png\"> <\/div>\n                <div class=\"col-sm-6 col-md-5\">\n                    <div class=\"switchable__text\">\n                        \n                            <h3><strong>Pol\u00edtica de Cancelaci\u00f3n<\/strong><\/h3>\n                            <p class=\"lead\">En caso de cancelaci\u00f3n, Tripp Wine reembolsar\u00e1 los siguientes porcentajes del los montos pagados:<\/p>\n                            <ul class=\"bullets\">\n                                <li class=\"lead\">45 \u2013 30 D\u00edas antes del viaje: 75%.<\/li>\n                                <li class=\"lead\">29 \u2013 15 D\u00edas antes del viaje: 50%<\/li>\n                                <li class=\"lead\">15 \u2013 8 D\u00edas antes del viaje: 25%<\/li>\n                                <li class=\"lead\">7 \u2013 3 D\u00edas antes del viaje: 15%<\/li>\n                                <li class=\"lead\">2 D\u00edas o menos antes del viaje se considera \"no show\" y no se podr\u00e1 efectuar ning\u00fan reembolso.<br><br><\/li>\n                            <\/ul>\n                        \n                    <\/div>\n                <\/div>\n            <\/div>\n            <!--end of row-->\n        <\/div>\n        <!--end of container-->\n    <\/section>\n","protected":false},"excerpt":{"rendered":"<p>Chile: De Los Andes Al Pac\u00edfico(consultar fechas) &nbsp; Chile: De Los Andes Al Pac\u00edfico Chile ocupa el cuarto lugar a nivel mundial&#8230;<\/p>\n","protected":false},"author":1,"featured_media":0,"parent":0,"menu_order":0,"comment_status":"closed","ping_status":"closed","template":"","meta":{"footnotes":""},"class_list":["post-4700","page","type-page","status-publish","hentry"],"_links":{"self":[{"href":"https:\/\/trippwine.com\/es\/wp-json\/wp\/v2\/pages\/4700","targetHints":{"allow":["GET"]}}],"collection":[{"href":"https:\/\/trippwine.com\/es\/wp-json\/wp\/v2\/pages"}],"about":[{"href":"https:\/\/trippwine.com\/es\/wp-json\/wp\/v2\/types\/page"}],"author":[{"embeddable":true,"href":"https:\/\/trippwine.com\/es\/wp-json\/wp\/v2\/users\/1"}],"replies":[{"embeddable":true,"href":"https:\/\/trippwine.com\/es\/wp-json\/wp\/v2\/comments?post=4700"}],"version-history":[{"count":27,"href":"https:\/\/trippwine.com\/es\/wp-json\/wp\/v2\/pages\/4700\/revisions"}],"predecessor-version":[{"id":4940,"href":"https:\/\/trippwine.com\/es\/wp-json\/wp\/v2\/pages\/4700\/revisions\/4940"}],"wp:attachment":[{"href":"https:\/\/trippwine.com\/es\/wp-json\/wp\/v2\/media?parent=4700"}],"curies":[{"name":"wp","href":"https:\/\/api.w.org\/{rel}","templated":true}]}}