{"id":4487,"date":"2018-06-22T17:21:15","date_gmt":"2018-06-22T17:21:15","guid":{"rendered":"http:\/\/www.trippwine.com\/es\/?page_id=4487"},"modified":"2021-12-04T05:48:26","modified_gmt":"2021-12-04T05:48:26","slug":"day-trips","status":"publish","type":"page","link":"https:\/\/trippwine.com\/es\/day-trips\/","title":{"rendered":"Day Trips"},"content":{"rendered":"\n    <section>\n        <div class=\"container\">\n            <div class=\"row\">\n                <div class=\"col-sm-12\">\n                    <h1 style=\"text-align: center;\"><strong>Day Trips<\/strong><\/h1>\n                    <h4 style=\"text-align: center;\">A\u00fan cuando recomendamos, como m\u00ednimo, pasar un fin de semana largo para realmente experimentar la magia del Valle de Guadalupe, sabemos que no todo mundo puede darse ese lujo.&nbsp;<\/h4>\n                    <h4 style=\"text-align: center;\">Si su disponibilidad es limitada, le sugerimos elegir alguna de nuestras experiencias de un s\u00f3lo d\u00eda. Nuestros expertos Tripp Wine se asegurar\u00e1n que aproveche al m\u00e1ximo su visita a esta maravillosa regi\u00f3n.&nbsp;<\/h4>\n                <\/div>\n            <\/div>\n            <!--end of row-->\n        <\/div>\n        <!--end of container-->\n    <\/section>\n    <section>\n        <div class=\"container\">\n            <div class=\"row\">\n                <div class=\"masonry\">\n                    <div class=\"masonry__container masonry--active\">\n                        <div class=\"col-sm-4 masonry__item\">\n                            <div class=\"card card-2 text-center\">\n                                <div class=\"card__top\">\n                                    <a href=\"#\"> <img alt=\"\" src=\"https:\/\/trippwine.com\/es\/wp-content\/uploads\/2018\/06\/Dise\u00f1o-sin-t\u00edtulo-3.png\"> <\/a>\n                                <\/div>\n                                <div class=\"card__body\">\n                                    <h4>Langostas y el Valle<\/h4>\n                                    <p><span class=\"type--fade\">*Salidas desde San Diego, Tijuana, Valle de Guadalupe y Ensenada<\/span><\/p>\n                                    <p>Incluye:<br>Brunch con langosta<br>Recorrido y degustaci\u00f3n en 2 vin\u00edcolas<br>Botana en restaurante campestre<br>Transporte privado<br>Experto Tripp Wine<\/p>\n                                    <p>&nbsp;<\/p>\n                                    <p>&nbsp;<\/p>\n                                    <p>Desde $2,800 M.N. por persona (precio basado en 5 personas)&nbsp;<\/p>\n                                <\/div>\n                                <div class=\"card__bottom text-center\">\n                                    <div class=\"card__action\">\n                                        <a href=\"#\"> <\/a>\n                                    <\/div>\n                                    <div class=\"card__action\">\n                                        <a href=\"#\"> <\/a>\n                                    <\/div>\n                                <\/div>\n                            <\/div>\n                        <\/div>\n                        <div class=\"col-sm-4 masonry__item\">\n                            <div class=\"card card-2 text-center\">\n                                <div class=\"card__top\">\n                                    <a href=\"#\"> <img alt=\"\" src=\"https:\/\/trippwine.com\/es\/wp-content\/uploads\/2018\/06\/Dise\u00f1o-sin-t\u00edtulo-4.png\"> <\/a>\n                                <\/div>\n                                <div class=\"card__body\">\n                                    <h4>Valle de Guadalupe Campestre<\/h4>\n                                    <p><span class=\"type--fade\">*Salidas desde San Diego, Tijuana, Valle de Guadalupe y Ensenada<\/span><\/p>\n                                    <p>Incluye:<br>Desayuno<br>Recorrido y degustaci\u00f3n en 3 vin\u00edcolas<br>Botana en restaurante campestre<br>Transporte privado<br>Experto Tripp Wine<\/p>\n                                    <p>&nbsp;<\/p>\n                                    <p>&nbsp;<\/p>\n                                    <p>Desde $2,900 M.N. por persona&nbsp;(precio basado en 5 personas)<\/p>\n                                <\/div>\n                                <div class=\"card__bottom text-center\">\n                                    <div class=\"card__action\">\n                                        <a href=\"#\"> <\/a>\n                                    <\/div>\n                                    <div class=\"card__action\">\n                                        <a href=\"#\"> <\/a>\n                                    <\/div>\n                                <\/div>\n                            <\/div>\n                        <\/div>\n                        <div class=\"col-sm-4 masonry__item\">\n                            <div class=\"card card-2 text-center\">\n                                <div class=\"card__top\">\n                                    <a href=\"#\"> <img alt=\"\" src=\"https:\/\/trippwine.com\/es\/wp-content\/uploads\/2018\/06\/Dise\u00f1o-sin-t\u00edtulo-5.png\"> <\/a>\n                                <\/div>\n                                <div class=\"card__body\">\n                                    <h4>Tripp Wine Premium<\/h4>\n                                    <p><span class=\"type--fade\">*Salidas desde San Diego, Tijuana, Valle de Guadalupe y Ensenada<\/span><\/p>\n                                    <p>Incluye:<br>Recorrido y degustaci\u00f3n en la vin\u00edcola m\u00e1s antigua de la regi\u00f3n<br>Cata de maderas<br>Taller \"Haz tu propio vino\"<br>Comida<br>Transporte privado<br>Experto Tripp Wine<\/p>\n                                    <p>&nbsp;<\/p>\n                                    <p>Desde $5,200 M.N. por persona&nbsp;(precio basado en 5 personas)<\/p>\n                                <\/div>\n                                <div class=\"card__bottom text-center\">\n                                    <div class=\"card__action\">\n                                        <a href=\"#\"> <\/a>\n                                    <\/div>\n                                    <div class=\"card__action\">\n                                        <a href=\"#\"> <\/a>\n                                    <\/div>\n                                <\/div>\n                            <\/div>\n                        <\/div>\n                    <\/div>\n                    <!--end of masonry__container-->\n                <\/div>\n                <!--end of masonry-->\n            <\/div>\n            <!--end of row-->\n        <\/div>\n        <!--end of container-->\n    <\/section>\n    <section class=\"text-center\">\n        <div class=\"container\">\n            <div class=\"row\">\n                <div class=\"col-sm-10 col-md-8\">\n                    <h2>\u00a1Cont\u00e1ctenos!<\/h2>\n                    <p class=\"lead\">Para recibir m\u00e1s informaci\u00f3n escr\u00edbanos a contact@trippwine.com o ll\u00e1menos al +52 646 187 8826.<\/p>\n                <\/div>\n            <\/div>\n            <!--end of row-->\n        <\/div>\n        <!--end of container-->\n    <\/section>\n","protected":false},"excerpt":{"rendered":"<p>Day Trips A\u00fan cuando recomendamos, como m\u00ednimo, pasar un fin de semana largo para realmente experimentar la magia del Valle de Guadalupe,&#8230;<\/p>\n","protected":false},"author":1,"featured_media":0,"parent":0,"menu_order":0,"comment_status":"closed","ping_status":"closed","template":"","meta":{"footnotes":""},"class_list":["post-4487","page","type-page","status-publish","hentry"],"_links":{"self":[{"href":"https:\/\/trippwine.com\/es\/wp-json\/wp\/v2\/pages\/4487","targetHints":{"allow":["GET"]}}],"collection":[{"href":"https:\/\/trippwine.com\/es\/wp-json\/wp\/v2\/pages"}],"about":[{"href":"https:\/\/trippwine.com\/es\/wp-json\/wp\/v2\/types\/page"}],"author":[{"embeddable":true,"href":"https:\/\/trippwine.com\/es\/wp-json\/wp\/v2\/users\/1"}],"replies":[{"embeddable":true,"href":"https:\/\/trippwine.com\/es\/wp-json\/wp\/v2\/comments?post=4487"}],"version-history":[{"count":25,"href":"https:\/\/trippwine.com\/es\/wp-json\/wp\/v2\/pages\/4487\/revisions"}],"predecessor-version":[{"id":4600,"href":"https:\/\/trippwine.com\/es\/wp-json\/wp\/v2\/pages\/4487\/revisions\/4600"}],"wp:attachment":[{"href":"https:\/\/trippwine.com\/es\/wp-json\/wp\/v2\/media?parent=4487"}],"curies":[{"name":"wp","href":"https:\/\/api.w.org\/{rel}","templated":true}]}}