{"id":4113,"date":"2018-01-29T04:54:49","date_gmt":"2018-01-29T04:54:49","guid":{"rendered":"http:\/\/trippwine.com\/es\/?page_id=4113"},"modified":"2018-06-29T21:28:26","modified_gmt":"2018-06-29T21:28:26","slug":"baja-gourmet-3","status":"publish","type":"page","link":"https:\/\/trippwine.com\/es\/baja-gourmet-3\/","title":{"rendered":"BAJA GOURMET"},"content":{"rendered":"\n    <section class=\"cover imagebg height-70 text-center\" data-overlay=\"4\">\n        <div class=\"background-image-holder\"><img alt=\"\" src=\"https:\/\/trippwine.com\/es\/wp-content\/uploads\/2018\/01\/gourmet-1.jpg\"><\/div>\n        <div class=\"container pos-vertical-center\">\n            <div class=\"row\">\n                <div class=\"col-sm-10 col-md-8\">\n                    \n                        <h1><strong>Baja Gourmet<\/strong><\/h1>\n                    \n                <\/div>\n            <\/div>\n            <!--end of row-->\n        <\/div>\n        <!--end of container-->\n    <\/section>\n    <a id=\"descripcin\" class=\"in-page-link\"><\/a>\n    <section class=\"text-center  space--xs\">\n        <div class=\"container\">\n            <div class=\"row\">\n                <div class=\"col-sm-10 col-md-8\">\n                    <p class=\"lead\"><span style=\"color: #000000;\">Si lo que le interesa es una experiencia gourmet y quisiera disfrutar de lo mejor de Baja, esta es la mejor opci\u00f3n.<\/span><\/p>\n                <\/div>\n            <\/div>\n            <!--end of row-->\n        <\/div>\n        <!--end of container-->\n    <\/section>\n    <a id=\"itinerario\" class=\"in-page-link\"><\/a>\n    <section class=\"imagebg\" data-overlay=\"4\">\n        <div class=\"background-image-holder\"> <img alt=\"background\" src=\"https:\/\/trippwine.com\/es\/wp-content\/uploads\/2017\/04\/hero-1.jpg\"> <\/div>\n        <div class=\"container\">\n            <div class=\"row\">\n                <div class=\"col-md-8 col-md-offset-2 col-sm-10 col-sm-offset-1\">\n                    <div class=\"process-1\">\n                        <div class=\"process__item\">\n                            <h4 style=\"text-align: left;\">D\u00eda #1<\/h4>\n                            <p style=\"text-align: left;\">Despu\u00e9s de recogerlos en el aeropuerto de Tijuana, haremos un recorrido en coche hasta Puerto Nuevo para probar las langostas m\u00e1s frescas, servidas con frijoles refritos, arroz y tortillas de harina. Posteriormente, prep\u00e1rese para pasar la tarde disfrutando diferentes vinos y cocteles margaritas mientras recorremos, paso a paso, los diversos sitios importantes e hist\u00f3ricos de Ensenada. La cena se servir\u00e1 en un restaurante reconocido por utilizar s\u00f3lo los mejores ingredientes locales.<\/p>\n                        <\/div>\n                        <div class=\"process__item\">\n                            <h4>D\u00eda #2<\/h4>\n                            <p>Viajaremos al sur para visitar la vin\u00edcola m\u00e1s antigua de la regi\u00f3n. Prep\u00e1rese para una ma\u00f1ana de degustaci\u00f3n de vinos rodeados por el imponente Valle de Santo Tom\u00e1s. La ma\u00f1ana ser\u00e1 una experiencia de aprendizaje en la que dise\u00f1ar\u00e1 y elaborar\u00e1 su propio vino para llevarlo a casa y compartir con amigos. Por la noche disfrutar\u00e1 el men\u00fa de degustaci\u00f3n de un restaurante que forma parte de la internacionalmente reconocida lista de \u201cLatin America\u2019s 50 Best Restaurants\u201d.<\/p>\n                        <\/div>\n                        <div class=\"process__item\">\n                            <h4>D\u00eda #3<\/h4>\n                            <p>Despu\u00e9s de un desayuno digno de ser recordado, visitaremos tres vin\u00edcolas que representan algunos de los proyectos m\u00e1s interesantes de la regi\u00f3n, y terminaremos el d\u00eda en un restaurante campestre en el Valle.<\/p>\n                        <\/div>\n                        <div class=\"process__item\">\n                            <h4>D\u00eda #4<\/h4>\n                            <p>La experiencia termina de la mejor manera posible: con una cata especial en la que combinar\u00e1 chocolates mexicanos con vino local en una finca maravillosa, donde podr\u00e1 relajarse antes de su regreso al aeropuerto.<\/p>\n                        <\/div>\n                    <\/div>\n                    <!--end process-->\n                <\/div>\n            <\/div>\n            <!--end of row-->\n        <\/div>\n        <!--end of container-->\n    <\/section>\n    <a id=\"qu-incluye\" class=\"in-page-link\"><\/a>\n    <section class=\"switchable feature-large\">\n        <div class=\"container\">\n            <div class=\"row\">\n                <div class=\"col-sm-6\"> <img alt=\"\" class=\"border--round box-shadow-wide\" src=\"https:\/\/trippwine.com\/es\/wp-content\/uploads\/2017\/04\/restaurant-6.jpg\"> <\/div>\n                <div class=\"col-sm-6 col-md-5\">\n                    <div class=\"switchable__text\">\n                        <h2 style=\"text-align: left;\"><strong><span style=\"color: #000000;\">\u00bfQu\u00e9 incluye?<\/span><\/strong><\/h2>\n                        <p class=\"lead\" style=\"text-align: left;\"><span style=\"color: #000000;\">\u25cf Hospedaje en Valle de Guadalupe (3 noches)<\/span><br><span style=\"color: #000000;\"><span>\u25cf Visita guiada a cuatro vin\u00edcolas<br><\/span>\u25cf Taller \u201cHaz tu propio vino\u201d<br><span>\u25cf Men\u00fa degustaci\u00f3n con maridaje en <\/span><\/span><span style=\"color: #000000;\"><span>2 restaurantes<br><\/span><span>\u25cf Cata de chocolates con vino mexicano<br><\/span><span>\u25cf Transporte terrestre<\/span><\/span><br><span style=\"color: #000000;\">\u25cf Experto de Tripp Wine<\/span><\/p>\n                    <\/div>\n                <\/div>\n            <\/div>\n            <!--end of row-->\n        <\/div>\n        <!--end of container-->\n    <\/section>\n    <a id=\"nota\" class=\"in-page-link\"><\/a>\n    <section>\n        <div class=\"container\">\n            <div class=\"row\">\n                <div class=\"col-sm-12\">\n                    <h1 class=\"lead\" style=\"text-align: center;\"><strong><span style=\"color: #000000;\"><span>DESDE $20,000.00 MXN POR PERSONA EN OCUPACI\u00d3N DOBLE<\/span><\/span><\/strong><\/h1>\n                    <p class=\"lead\" style=\"text-align: center;\"><span style=\"color: #000000;\">Nota: Este es un ejemplo que puede ajustarse a sus necesidades. Recuerde que tambi\u00e9n podemos crear una experiencia personalizada.<\/span><\/p>\n                <\/div>\n            <\/div>\n            <!--end of row-->\n        <\/div>\n        <!--end of container-->\n    <\/section>\n    \n","protected":false},"excerpt":{"rendered":"<p>Baja Gourmet Si lo que le interesa es una experiencia gourmet y quisiera disfrutar de lo mejor de Baja, esta es la&#8230;<\/p>\n","protected":false},"author":1,"featured_media":0,"parent":0,"menu_order":0,"comment_status":"closed","ping_status":"closed","template":"","meta":{"footnotes":""},"class_list":["post-4113","page","type-page","status-publish","hentry"],"_links":{"self":[{"href":"https:\/\/trippwine.com\/es\/wp-json\/wp\/v2\/pages\/4113","targetHints":{"allow":["GET"]}}],"collection":[{"href":"https:\/\/trippwine.com\/es\/wp-json\/wp\/v2\/pages"}],"about":[{"href":"https:\/\/trippwine.com\/es\/wp-json\/wp\/v2\/types\/page"}],"author":[{"embeddable":true,"href":"https:\/\/trippwine.com\/es\/wp-json\/wp\/v2\/users\/1"}],"replies":[{"embeddable":true,"href":"https:\/\/trippwine.com\/es\/wp-json\/wp\/v2\/comments?post=4113"}],"version-history":[{"count":33,"href":"https:\/\/trippwine.com\/es\/wp-json\/wp\/v2\/pages\/4113\/revisions"}],"predecessor-version":[{"id":4515,"href":"https:\/\/trippwine.com\/es\/wp-json\/wp\/v2\/pages\/4113\/revisions\/4515"}],"wp:attachment":[{"href":"https:\/\/trippwine.com\/es\/wp-json\/wp\/v2\/media?parent=4113"}],"curies":[{"name":"wp","href":"https:\/\/api.w.org\/{rel}","templated":true}]}}