{"id":4105,"date":"2018-01-29T04:26:09","date_gmt":"2018-01-29T04:26:09","guid":{"rendered":"http:\/\/trippwine.com\/es\/?page_id=4105"},"modified":"2018-06-22T16:47:07","modified_gmt":"2018-06-22T16:47:07","slug":"baja-insider-2","status":"publish","type":"page","link":"https:\/\/trippwine.com\/es\/baja-insider-2\/","title":{"rendered":"BAJA INSIDER"},"content":{"rendered":"\n    <a id=\"baja-insider\" class=\"in-page-link\"><\/a>\n    <section class=\"cover imagebg height-70 text-center\" data-overlay=\"4\">\n        <div class=\"background-image-holder\"><img alt=\"\" src=\"https:\/\/trippwine.com\/es\/wp-content\/uploads\/2018\/01\/copas.jpg\"><\/div>\n        <div class=\"container pos-vertical-center\">\n            <div class=\"row\">\n                <div class=\"col-sm-10 col-md-8\">\n                    \n                        <h1><strong>Baja Insider<\/strong><\/h1>\n                    \n                <\/div>\n            <\/div>\n            <!--end of row-->\n        <\/div>\n        <!--end of container-->\n    <\/section>\n    <a id=\"descripcin\" class=\"in-page-link\"><\/a>\n    <section class=\"text-center  space--xs\">\n        <div class=\"container\">\n            <div class=\"row\">\n                <div class=\"col-sm-10 col-md-8\">\n                    <p class=\"lead\"><span style=\"color: #000000;\">\u00bfEst\u00e1 listo para explorar Baja como un aut\u00e9ntico local? Visite los lugares favoritos de los lugare\u00f1os: desde peque\u00f1as cervecer\u00edas artesanales hasta vin\u00edcolas poco conocidas y los mejores puestos de comida. Como parte de la experiencia podr\u00e1 elaborar su propio vino y traerlo a casa.<\/span><\/p>\n                <\/div>\n            <\/div>\n            <!--end of row-->\n        <\/div>\n        <!--end of container-->\n    <\/section>\n    <a id=\"itinerario\" class=\"in-page-link\"><\/a>\n    <section class=\"imagebg\" data-overlay=\"4\">\n        <div class=\"background-image-holder\"> <img alt=\"background\" src=\"https:\/\/trippwine.com\/es\/wp-content\/uploads\/2017\/04\/hero-1.jpg\"> <\/div>\n        <div class=\"container\">\n            <div class=\"row\">\n                <div class=\"col-md-8 col-md-offset-2 col-sm-10 col-sm-offset-1\">\n                    <div class=\"process-1\">\n                        <div class=\"process__item\">\n                            <h4 style=\"text-align: left;\">D\u00eda #1<\/h4>\n                            <p style=\"text-align: left;\">Despu\u00e9s de recogerlos en el aeropuerto internacional de Tijuana o San Diego, haremos un recorrido en coche hasta Puerto Nuevo para probar las langostas m\u00e1s frescas, servidas con frijoles refritos, arroz y tortillas de harina. Pasaremos la tarde explorando Ensenada y sus cervecer\u00edas con mayor renombre.<\/p>\n                        <\/div>\n                        <div class=\"process__item\">\n                            <h4>D\u00eda #2<\/h4>\n                            <p>Viajaremos al sur para visitar la vin\u00edcola m\u00e1s antigua de la regi\u00f3n. Prep\u00e1rese para una ma\u00f1ana de degustaci\u00f3n de vinos rodeado por el imponente Valle de Santo Tom\u00e1s. La ma\u00f1ana ser\u00e1 una experiencia de aprendizaje en la que dise\u00f1ar\u00e1 y elaborar\u00e1 su propio vino para llevarlo a casa y compartir con amigos. Pasaremos la tarde en otra vin\u00edcola disfrutando del mejor atardecer que ofrece la regi\u00f3n y saboreando un par de copas de vino.<\/p>\n                        <\/div>\n                        <div class=\"process__item\">\n                            <h4 style=\"text-align: left;\">D\u00eda #3<\/h4>\n                            <p style=\"text-align: left;\">Despu\u00e9s de un desayuno digno de ser recordado, visitaremos tres vin\u00edcolas que representan algunos de los proyectos m\u00e1s interesantes de la regi\u00f3n, y terminaremos el d\u00eda en un restaurante campestre en el Valle.<\/p>\n                        <\/div>\n                        <div class=\"process__item\">\n                            <h4>D\u00eda #4<\/h4>\n                            <p>La experiencia termina de la mejor manera posible: con una cata especial en la que combinar\u00e1 chocolates mexicanos con vino local en una finca maravillosa, donde podr\u00e1 relajarse antes de su regreso al aeropuerto.<\/p>\n                        <\/div>\n                    <\/div>\n                    <!--end process-->\n                <\/div>\n            <\/div>\n            <!--end of row-->\n        <\/div>\n        <!--end of container-->\n    <\/section>\n    <a id=\"qu-incluye-titulo\" class=\"in-page-link\"><\/a>\n    <section class=\"text-center  space--xs\">\n        <div class=\"container\">\n            <div class=\"row\">\n                <div class=\"col-sm-10 col-md-8\">\n                    <h1 style=\"text-align: center;\"><strong>\u00bfQu\u00e9 incluye?<\/strong><\/h1>\n                <\/div>\n            <\/div>\n            <!--end of row-->\n        <\/div>\n        <!--end of container-->\n    <\/section>\n    <a id=\"qu-incluye\" class=\"in-page-link\"><\/a>\n    <section class=\"switchable feature-large  space--sm\">\n        <div class=\"container\">\n            <div class=\"row\">\n                <div class=\"col-sm-6\"> <img alt=\"\" class=\"border--round box-shadow-wide\" src=\"https:\/\/trippwine.com\/es\/wp-content\/uploads\/2018\/02\/WhatsApp-Image-2017-11-17-at-13.36.51-Edited.jpg\"> <\/div>\n                <div class=\"col-sm-6 col-md-5\">\n                    <div class=\"switchable__text\">\n                        <p class=\"lead\" style=\"text-align: left;\"><span style=\"color: #000000;\">\u25cf Hospedaje en Ensenada (3 noches)<\/span><br><span style=\"color: #000000;\"><span>\u25cf Visita guiada a 2 cervecer\u00edas artesanales y cinco vi\u00f1edos <br><\/span><span>\u25cf Taller \u201cHaz tu propio vino\u201d <br><\/span><span>\u25cf Cata de chocolate con vino mexicano<br><\/span><span>\u25cf Transportaci\u00f3n terrestre<br><\/span><span>\u25cf Experto de Tripp Wine<\/span><\/span>\n                        <\/p>\n                        <p>&nbsp;<\/p>\n                        <h1 class=\"lead\" style=\"text-align: center;\"><strong><span style=\"color: #000000;\"><span>DESDE $17,000.00 MXN POR PERSONA EN OCUPACI\u00d3N DOBLE<\/span><\/span><\/strong><\/h1>\n                        <p class=\"lead\" style=\"text-align: left;\"><span style=\"color: #000000;\"><span>Nota: Este es un ejemplo que puede ajustarse a sus necesidades. Recuerde que tambi\u00e9n podemos crear una experiencia personalizada.<\/span><\/span>\n                        <\/p>\n                    <\/div>\n                <\/div>\n            <\/div>\n            <!--end of row-->\n        <\/div>\n        <!--end of container-->\n    <\/section>\n    \n","protected":false},"excerpt":{"rendered":"<p>Baja Insider \u00bfEst\u00e1 listo para explorar Baja como un aut\u00e9ntico local? Visite los lugares favoritos de los lugare\u00f1os: desde peque\u00f1as cervecer\u00edas artesanales&#8230;<\/p>\n","protected":false},"author":1,"featured_media":0,"parent":0,"menu_order":0,"comment_status":"closed","ping_status":"closed","template":"","meta":{"footnotes":""},"class_list":["post-4105","page","type-page","status-publish","hentry"],"_links":{"self":[{"href":"https:\/\/trippwine.com\/es\/wp-json\/wp\/v2\/pages\/4105","targetHints":{"allow":["GET"]}}],"collection":[{"href":"https:\/\/trippwine.com\/es\/wp-json\/wp\/v2\/pages"}],"about":[{"href":"https:\/\/trippwine.com\/es\/wp-json\/wp\/v2\/types\/page"}],"author":[{"embeddable":true,"href":"https:\/\/trippwine.com\/es\/wp-json\/wp\/v2\/users\/1"}],"replies":[{"embeddable":true,"href":"https:\/\/trippwine.com\/es\/wp-json\/wp\/v2\/comments?post=4105"}],"version-history":[{"count":28,"href":"https:\/\/trippwine.com\/es\/wp-json\/wp\/v2\/pages\/4105\/revisions"}],"predecessor-version":[{"id":4484,"href":"https:\/\/trippwine.com\/es\/wp-json\/wp\/v2\/pages\/4105\/revisions\/4484"}],"wp:attachment":[{"href":"https:\/\/trippwine.com\/es\/wp-json\/wp\/v2\/media?parent=4105"}],"curies":[{"name":"wp","href":"https:\/\/api.w.org\/{rel}","templated":true}]}}