{"id":271,"date":"2017-03-20T00:45:01","date_gmt":"2017-03-20T00:45:01","guid":{"rendered":"http:\/\/stack-variant.tommusdemos.wpengine.com\/?page_id=271"},"modified":"2018-06-29T21:28:50","modified_gmt":"2018-06-29T21:28:50","slug":"baja-lifestyle-4","status":"publish","type":"page","link":"https:\/\/trippwine.com\/es\/baja-lifestyle-4\/","title":{"rendered":"BAJA LIFESTYLE"},"content":{"rendered":"\n    <a id=\"baja-lifestyle\" class=\"in-page-link\"><\/a>\n    <section class=\"cover imagebg text-center height-60\" data-overlay=\"2\">\n        <div class=\"background-image-holder\"><img alt=\"\" src=\"https:\/\/trippwine.com\/es\/wp-content\/uploads\/2018\/01\/baja-lifestyle-2.jpg\"><\/div>\n        <div class=\"container pos-vertical-center\">\n            <div class=\"row\">\n                <div class=\"col-sm-8 col-md-7\">\n                    \n                        <h1 style=\"text-align: center;\"><strong>Baja Lifestyle<\/strong><\/h1>\n                    \n                <\/div>\n            <\/div>\n            <!--end of row-->\n        <\/div>\n        <!--end of container-->\n    <\/section>\n    <a id=\"descripcin\" class=\"in-page-link\"><\/a>\n    <section class=\"text-center  space--xs\">\n        <div class=\"container\">\n            <div class=\"row\">\n                <div class=\"col-sm-10 col-md-8\">\n                    <p class=\"lead\" style=\"text-align: center;\"><span style=\"color: #000000;\">\u00bfEs su primera vez en Ensenada y Valle de Guadalupe? Explore con nosotros los atractivos de la regi\u00f3n y a saboree lo mejor que Ensenada y Valle de Guadalupe ofrecen a su paladar. Esta experiencia de tres d\u00edas est\u00e1 cuidadosamente dise\u00f1ada para aprovechar su estad\u00eda al m\u00e1ximo y tenerlo planeando su pr\u00f3xima visita a\u00fan antes de finalizar la actual.<\/span><\/p>\n                    <p class=\"lead\" style=\"text-align: left;\">&nbsp;<\/p>\n                <\/div>\n            <\/div>\n            <!--end of row-->\n        <\/div>\n        <!--end of container-->\n    <\/section>\n    <a id=\"itinerario\" class=\"in-page-link\"><\/a>\n    <section class=\"imagebg\" data-overlay=\"4\">\n        <div class=\"background-image-holder\"> <img alt=\"background\" src=\"https:\/\/trippwine.com\/es\/wp-content\/uploads\/2017\/04\/hero-1.jpg\"> <\/div>\n        <div class=\"container\">\n            <div class=\"row\">\n                <div class=\"col-md-8 col-md-offset-2 col-sm-10 col-sm-offset-1\">\n                    <div class=\"process-1\">\n                        <div class=\"process__item\">\n                            <div align=\"justify\">\n                                <h4>D\u00eda #1<\/h4>\n                                <p>Despu\u00e9s de recogerlos en el aeropuerto internacional de Tijuana, haremos un recorrido en coche hasta Puerto Nuevo para probar las langostas m\u00e1s frescas, servidas con frijoles refritos, arroz y tortillas de harina. Posteriormente, prep\u00e1rese para pasar la tarde disfrutando diferentes vinos y cocteles margaritas mientras recorremos, paso a paso, los diversos sitios importantes e hist\u00f3ricos de Ensenada.<\/p>\n                            <\/div>\n                        <\/div>\n                        <div class=\"process__item\">\n                            <div align=\"justify\">\n                                <h4>D\u00eda #2<\/h4>\n                                <p>Aqu\u00ed es cuando comienza la experiencia en el famoso Valle de Guadalupe. Despu\u00e9s de un buen desayuno visitaremos tres vin\u00edcolas que representan algunos de los proyectos m\u00e1s interesantes de la regi\u00f3n y terminaremos el d\u00eda en un restaurante campestre en el Valle.<\/p>\n                            <\/div>\n                        <\/div>\n                        <div class=\"process__item\">\n                            <div align=\"justify\">\n                                <h4>D\u00eda #3<\/h4>\n                                <p>La experiencia termina de la mejor manera posible: con una cata especial en la que combinar\u00e1 chocolates mexicanos con vino local en una finca maravillosa, donde podr\u00e1 relajarse antes de su regreso al aeropuerto.<\/p>\n                            <\/div>\n                        <\/div>\n                    <\/div>\n                    <!--end process-->\n                <\/div>\n            <\/div>\n            <!--end of row-->\n        <\/div>\n        <!--end of container-->\n    <\/section>\n    <a id=\"qu-incluye-ttulo\" class=\"in-page-link\"><\/a>\n    <section class=\"text-center  space--xs\">\n        <div class=\"container\">\n            <div class=\"row\">\n                <div class=\"col-sm-10 col-md-8\">\n                    <h1 style=\"text-align: center;\"><strong>\u00bfQu\u00e9 incluye?<\/strong><\/h1>\n                    <p class=\"lead\">&nbsp;<\/p>\n                <\/div>\n            <\/div>\n            <!--end of row-->\n        <\/div>\n        <!--end of container-->\n    <\/section>\n    <a id=\"qu-incluye\" class=\"in-page-link\"><\/a>\n    <section class=\"switchable feature-large  space--xs\">\n        <div class=\"container\">\n            <div class=\"row\">\n                <div class=\"col-sm-6\"> <img alt=\"\" class=\"border--round box-shadow-wide\" src=\"https:\/\/trippwine.com\/es\/wp-content\/uploads\/2018\/01\/baja-insider.jpg\"> <\/div>\n                <div class=\"col-sm-6 col-md-5\">\n                    <div class=\"switchable__text\">\n                        <p class=\"lead\" style=\"text-align: left;\"><span style=\"color: #000000;\">\u25cf Hospedaje en Ensenada (2 noches)<\/span><br><span style=\"color: #000000;\"><span>\u25cf Visita guiada a tres vin\u00edcolas locales<br><\/span><span>\u25cf Cata de chocolates con vino mexicano<br><\/span><span>\u25cf Transportaci\u00f3n terrestre <br><\/span><span>\u25cf Experto de Tripp Wine<\/span><\/span>\n                        <\/p>\n                        <p>&nbsp;<\/p>\n                        <h1 class=\"lead\" style=\"text-align: center;\"><strong><span style=\"color: #000000;\"><span>DESDE $12,000.00 MXN POR PERSONA EN OCUPACI\u00d3N DOBLE<\/span><\/span><\/strong><\/h1>\n                        <p>&nbsp;<\/p>\n                        <p class=\"lead\" style=\"text-align: left;\"><span style=\"color: #000000;\"><span>Nota: Este es un ejemplo que puede ajustarse a sus necesidades. Recuerde que tambi\u00e9n podemos crear una experiencia personalizada.<\/span><\/span>\n                        <\/p>\n                    <\/div>\n                <\/div>\n            <\/div>\n            <!--end of row-->\n        <\/div>\n        <!--end of container-->\n    <\/section>\n    \n","protected":false},"excerpt":{"rendered":"<p>Baja Lifestyle \u00bfEs su primera vez en Ensenada y Valle de Guadalupe? Explore con nosotros los atractivos de la regi\u00f3n y a&#8230;<\/p>\n","protected":false},"author":1,"featured_media":0,"parent":0,"menu_order":0,"comment_status":"closed","ping_status":"closed","template":"","meta":{"footnotes":""},"class_list":["post-271","page","type-page","status-publish","hentry"],"_links":{"self":[{"href":"https:\/\/trippwine.com\/es\/wp-json\/wp\/v2\/pages\/271","targetHints":{"allow":["GET"]}}],"collection":[{"href":"https:\/\/trippwine.com\/es\/wp-json\/wp\/v2\/pages"}],"about":[{"href":"https:\/\/trippwine.com\/es\/wp-json\/wp\/v2\/types\/page"}],"author":[{"embeddable":true,"href":"https:\/\/trippwine.com\/es\/wp-json\/wp\/v2\/users\/1"}],"replies":[{"embeddable":true,"href":"https:\/\/trippwine.com\/es\/wp-json\/wp\/v2\/comments?post=271"}],"version-history":[{"count":40,"href":"https:\/\/trippwine.com\/es\/wp-json\/wp\/v2\/pages\/271\/revisions"}],"predecessor-version":[{"id":4517,"href":"https:\/\/trippwine.com\/es\/wp-json\/wp\/v2\/pages\/271\/revisions\/4517"}],"wp:attachment":[{"href":"https:\/\/trippwine.com\/es\/wp-json\/wp\/v2\/media?parent=271"}],"curies":[{"name":"wp","href":"https:\/\/api.w.org\/{rel}","templated":true}]}}